{"id":145,"date":"2015-10-15T17:52:27","date_gmt":"2015-10-15T15:52:27","guid":{"rendered":"http:\/\/osiiims.splet.arnes.si\/?page_id=145"},"modified":"2018-08-31T09:23:38","modified_gmt":"2018-08-31T07:23:38","slug":"osnovni-podatki","status":"publish","type":"page","link":"https:\/\/osiiims.splet.arnes.si\/?page_id=145","title":{"rendered":"Osnovni podatki"},"content":{"rendered":"<p><span style=\"font-size: small\">Osnovna \u0161ola III Murska Sobota je dobila ime po tem, ker je bila ustanovljena kot tretja \u0161ola v mestu Murska Sobota. Ustanovitelj \u0161ole je Mestna ob\u010dina Murska Sobota.<\/span><\/p>\n<p>\u0160ola je bila zgrajena leta 1964. Zaradi pove\u010danega \u0161tevila u\u010dencev je bil leta 1977 dograjen prizidek, v letu 1987 \u0161portna dvorana, leta 1998 pa je bil nadzidan prizidek.<\/p>\n<div>\n<p><span style=\"font-size: small\"><strong><br \/>\n1. IME IN SEDE\u017d \u0160OLE<\/strong><\/span><\/p>\n<div><span style=\"font-size: small\">OSNOVNA \u0160OLA III Murska Sobota s svojo vzgojno-izobra\u017eevalno dejavnostjo uresni\u010duje in zagotavlja potrebe po osnovno\u0161olskem izobra\u017eevanju na obmo\u010dju, za katerega je ustanovljena.<\/span><\/div>\n<p><span style=\"font-size: small\">Naziv \u0161ole: OSNOVNA \u0160OLA III MURSKA SOBOTA<\/span><span style=\"font-size: small\"><br \/>\nTRSTENJAKOVA 73<\/span><span style=\"font-size: small\"><br \/>\n9000 MURSKA SOBOTA<\/span><\/p>\n<div><span style=\"font-size: small\">Telefon:<br \/>\n02 522 34 40, 031 366 196 &#8211; tajni\u0161tvo<\/span><span style=\"font-size: small\"><br \/>\n02 522 34 46 &#8211; psihologinja<\/span><span style=\"font-size: small\"><br \/>\n02 522 34 62 &#8211; knji\u017enica<\/span><\/div>\n<div><\/div>\n<div><span style=\"font-size: small\">E-mail: o-3.ms@guest.arnes.si<\/span><\/div>\n<div><span style=\"font-size: small\">Internet: www.os3ms.si<\/span><\/div>\n<div><\/div>\n<div><span style=\"font-size: small\">Dav\u010dna \u0161t.: 53080548<\/span><\/div>\n<div><span style=\"font-size: small\">Mati\u010dna \u0161t.: 5640261000<\/span><span style=\"font-size: small\"><br \/>\nTransakcijski ra\u010dun: 01280-6030671236<\/span><\/div>\n<div>\n<p><span style=\"font-size: small\"><strong><br \/>\n2. PODATKI O USTANOVITELJU<\/strong><\/span><\/p>\n<\/div>\n<div>\n<p><span style=\"font-size: small\">S 1.1.1992 se je v skladu z odlokom skup\u0161\u010dine ob\u010dine Murska Sobota osnovna \u0161ola preoblikovala iz organizacijske enote OVIZ v samostojno OSNOVNO \u0160OLO III MURSKA SOBOTA.<\/span><\/p>\n<p><span style=\"font-size: small\"><strong><br \/>\n3. OPREDELITEV \u0160OLSKEGA OKOLI\u0160A<\/strong><\/span><\/p>\n<\/div>\n<div>\n<p><span style=\"font-size: small\">\u0160olski okoli\u0161 O\u0160 III obsega vzhodni del mesta vklju\u010dno s Slovensko in Lendavsko ulico, ju\u017eni del mesta do Tom\u0161i\u010deve ulice, vas Raki\u010dan in zaselek Pu\u0161\u010da kot skupni \u0161olski okoli\u0161 osnovnih \u0161ol v mestu.<\/span><\/p>\n<p><a href=\"http:\/\/osiiims.splet.arnes.si\/files\/2015\/10\/okolis.jpg\"><img loading=\"lazy\" decoding=\"async\" class=\"aligncenter size-full wp-image-146\" src=\"http:\/\/osiiims.splet.arnes.si\/files\/2015\/10\/okolis.jpg\" alt=\"\" width=\"500\" height=\"645\" srcset=\"https:\/\/osiiims.splet.arnes.si\/files\/2015\/10\/okolis.jpg 500w, https:\/\/osiiims.splet.arnes.si\/files\/2015\/10\/okolis-233x300.jpg 233w, https:\/\/osiiims.splet.arnes.si\/files\/2015\/10\/okolis-43x55.jpg 43w\" sizes=\"auto, (max-width: 500px) 100vw, 500px\" \/><\/a><\/p>\n<\/div>\n<\/div>\n","protected":false},"excerpt":{"rendered":"<p>Osnovna \u0161ola III Murska Sobota je dobila ime po tem, ker je bila ustanovljena kot tretja \u0161ola v mestu Murska Sobota. Ustanovitelj \u0161ole je Mestna ob\u010dina Murska Sobota. \u0160ola je [&hellip;]<\/p>\n","protected":false},"author":6834,"featured_media":0,"parent":0,"menu_order":0,"comment_status":"closed","ping_status":"closed","template":"","meta":{"ngg_post_thumbnail":0,"footnotes":""},"class_list":["post-145","page","type-page","status-publish","hentry"],"_links":{"self":[{"href":"https:\/\/osiiims.splet.arnes.si\/index.php?rest_route=\/wp\/v2\/pages\/145","targetHints":{"allow":["GET"]}}],"collection":[{"href":"https:\/\/osiiims.splet.arnes.si\/index.php?rest_route=\/wp\/v2\/pages"}],"about":[{"href":"https:\/\/osiiims.splet.arnes.si\/index.php?rest_route=\/wp\/v2\/types\/page"}],"author":[{"embeddable":true,"href":"https:\/\/osiiims.splet.arnes.si\/index.php?rest_route=\/wp\/v2\/users\/6834"}],"replies":[{"embeddable":true,"href":"https:\/\/osiiims.splet.arnes.si\/index.php?rest_route=%2Fwp%2Fv2%2Fcomments&post=145"}],"version-history":[{"count":2,"href":"https:\/\/osiiims.splet.arnes.si\/index.php?rest_route=\/wp\/v2\/pages\/145\/revisions"}],"predecessor-version":[{"id":3511,"href":"https:\/\/osiiims.splet.arnes.si\/index.php?rest_route=\/wp\/v2\/pages\/145\/revisions\/3511"}],"wp:attachment":[{"href":"https:\/\/osiiims.splet.arnes.si\/index.php?rest_route=%2Fwp%2Fv2%2Fmedia&parent=145"}],"curies":[{"name":"wp","href":"https:\/\/api.w.org\/{rel}","templated":true}]}}