{"id":14647,"date":"2023-04-19T11:01:13","date_gmt":"2023-04-19T09:01:13","guid":{"rendered":"https:\/\/osiiims.splet.arnes.si\/?page_id=14647"},"modified":"2023-04-19T11:01:13","modified_gmt":"2023-04-19T09:01:13","slug":"izjava-o-dostopnosti","status":"publish","type":"page","link":"https:\/\/osiiims.splet.arnes.si\/?page_id=14647","title":{"rendered":"Izjava o dostopnosti"},"content":{"rendered":"<p><strong>Izjava o dostopnosti<\/strong><\/p>\n<p>Izjava o dostopnosti se nana\u0161a na celotno spletno stran Osnovne \u0161ole III Murska Sobota, ki se nahaja na spletnem naslovu <a href=\"http:\/\/os3ms.si\/\">http:\/\/os3ms.si\/<\/a> . Vsem, ki vas zanima dogajanje na spletnih straneh na\u0161e \u0161ole, \u017eelimo zagotoviti pozitivno uporabni\u0161ko izku\u0161njo. Spletne strani se trudimo pribli\u017eati naj\u0161ir\u0161emu krogu uporabnikov, zato le-te sproti prilagajamo najranljivej\u0161im skupinam.<\/p>\n<p>Osnovna \u0161ola III Murska Sobota se zavezuje &nbsp;v skladu z&nbsp; Zakonom o dostopnosti spleti\u0161\u010d in mobilnih aplikacij (Uradni list RS, \u0161t. 30\/18, 95\/21 \u2013 ZInfV-A, 189\/21 \u2013 ZDU-1M in 18\/23 \u2013 ZDU-1O; v nadaljnjem besedilu: ZDSMA)&nbsp; vsem uporabnikom omogo\u010dati dostopnost do vsebine spleti\u0161\u010da na spletni povezavi www.os3ms.si .<\/p>\n<p>Na spletni strani je dodana funkcionalnost z vti\u010dnikom SOGO Dostopnost na stopnji AA (WCAG 2.0), ki je skladna s standardom SIST EN 301 549 V1.1.2, ki je zahtevan v ZDSMA, ki jih lahko uporabljajo osebe z razli\u010dnimi oblikami oviranosti.<\/p>\n<p>Z vti\u010dnikom \u00bbSOGO Dostopnost\u00ab obiskovalcem spleti\u0161\u010da omogo\u010damo, da prikaz spleti\u0161\u010da prilagodijo svojim potrebam. Obiskovalci spletne strani lahko s pomo\u010djo vti\u010dnika spremenijo pisavo, pove\u010dajo \u010drke, spremenijo kontrast barv na spleti\u0161\u010du, ustavijo premike ter s pod\u010drtovanjem naredijo hiperpovezave bolj vidne.<\/p>\n<p><strong>Stopnja skladnosti<\/strong><br \/>\nSpleti\u0161\u010de Osnovne \u0161ola III Murska Sobota je v najve\u010dji mo\u017eni meri skladno z ZDSMA.<\/p>\n<p><strong>Dostopnost <\/strong><\/p>\n<ul>\n<li>Z orodjem SOGO Dostopnost omogo\u010damo izbiro razli\u010dnih velikosti pisav, barvnih kontrastov, uporabo berljive pisave, pod\u010drtavanje povezav. Orodje se nahaja v desnem zgornjem kotu, mogo\u010de ga je aktivirati s kombinacijo tipk ALT + A.<\/li>\n<li>Velikost besedila se lahko v brskalniku spreminja brez izgube pomembnih informacij (CTRL + tipka plus, CTRL + tipka minus).<\/li>\n<li>Vsebine so prilagodljive in berljive na razli\u010dnih napravah in v razli\u010dnih brskalnikih.<\/li>\n<li>Ve\u010dina slikovnega gradiva je opremljenega z alternativnimi opisi.<\/li>\n<li>Vsebine niso \u010dasovno omejene.<\/li>\n<li>Za iskanje vsebine na spletnih straneh je na voljo polje za iskanje.<\/li>\n<li>Vsebine so organizirane v menijih in povezavah. Na vsaki strani se lahko s klikom na gumb DOMOV takoj vrnemo na izhodi\u0161\u010dno stran.<\/li>\n<li>Vsebina je strukturirana z uporabo ozna\u010denih naslovov. Pri naslovih in povezavah uporabljamo logi\u010dna imena.<\/li>\n<li>Besedilo je berljivo in razumljivo. V najve\u010dji mo\u017eni meri se izogibamo kompleksnim besedilom.<\/li>\n<\/ul>\n<p>&nbsp;<\/p>\n<p><strong>Nedostopna vsebina<\/strong><\/p>\n<p>Dostopnost spleti\u0161\u010da Osnovne \u0161ole III Murska Sobota nenehno spremljamo, posodabljamo in sproti izbolj\u0161ujemo posamezne elemente dostopnosti. Kljub temu nekatere objavljene vsebine ne izpolnjujejo vseh zahtev glede dostopnosti, kot jih dolo\u010da ZDSMA.<\/p>\n<p>Primeri takih vsebin so:<\/p>\n<ul>\n<li>skenirani dokumenti (letni delovni na\u010drt, poro\u010dila, publikacije, ceniki) so objavljeni v PDF obliki zapisa,<\/li>\n<li>razli\u010dne kompleksne tabele s podatki,<\/li>\n<li>videoposnetki, ki nimajo na voljo podnapisov<\/li>\n<li>organigrami<\/li>\n<li>vsebina v formatih, ki zahteva prenos in uporabo namenskih aplikacij.<\/li>\n<\/ul>\n<p><strong>Povratne in kontaktne informacije<\/strong><\/p>\n<p>Zaradi zelo pogostih posodobitev vsebin lahko obiskovalci pri brskanju po spleti\u0161\u010du www.os3ms.si, kljub prizadevanjem, da bi bile vse spletne strani \u010dim bolj dostopne in uporabnikom prijazne, ob\u010dasno naletijo na te\u017eave z dostopnostjo.<\/p>\n<p>Obvestilo o morebitnih primerih neskladnosti objav z dolo\u010dili ZDSMA in zahteve po posredovanju informacij v dostopni obliki lahko po\u0161ljete po elektronski po\u0161ti na e-naslov: <a href=\"mailto:info@os3ms.si\">info@os3ms.si<\/a> . &nbsp;Odgovor boste prejeli v roku osmih dni od prejema obvestila oziroma pro\u0161nje. \u010ce v tem roku ne bomo mogli podati ustreznega odgovora, vam bomo sporo\u010dili, kdaj bo odgovor podan in razloge za nezmo\u017enost odgovora v navedenem roku ustrezno utemeljili.<\/p>\n<p><strong>Nadzor nad izvajanjem dolo\u010db ZDSMA<\/strong><\/p>\n<p>V primeru nezadovoljivih odgovorov na katero koli obvestilo ali zahtevo, poslano v skladu z 8. \u010dlenom ZDSMA, lahko oddate opis in povezavo na nedostopno vsebino spleti\u0161\u010da na In\u0161pektorat Republike Slovenije za informacijsko dru\u017ebo (v nadaljnjem besedilu: IRSID) po navadni po\u0161ti na naslov: &nbsp;IRSID, Dav\u010dna ulica 1, 1000 Ljubljana ali po elektronski po\u0161ti na e-naslov:&nbsp;<a href=\"mailto:gp.irsid@gov.si\">gp.irsid@gov.si<\/a>&nbsp;.<\/p>\n<p>Povezava na spletno stran nadzornega organa: <a href=\"https:\/\/www.gov.si\/drzavni-organi\/organi-v-sestavi\/inspektorat-za-informacijsko-druzbo\/\">https:\/\/www.gov.si\/drzavni-organi\/organi-v-sestavi\/inspektorat-za-informacijsko-druzbo\/<\/a> .<\/p>\n<p><strong>Priprava izjave o dostopnosti<\/strong><\/p>\n<p>Ta izjava je bila pripravljena 19. aprila 2023 po metodi samoocene.<\/p>\n","protected":false},"excerpt":{"rendered":"<p>Izjava o dostopnosti Izjava o dostopnosti se nana\u0161a na celotno spletno stran Osnovne \u0161ole III Murska Sobota, ki se nahaja na spletnem naslovu http:\/\/os3ms.si\/ . Vsem, ki vas zanima dogajanje [&hellip;]<\/p>\n","protected":false},"author":6834,"featured_media":0,"parent":0,"menu_order":0,"comment_status":"closed","ping_status":"closed","template":"","meta":{"ngg_post_thumbnail":0,"footnotes":""},"class_list":["post-14647","page","type-page","status-publish","hentry"],"_links":{"self":[{"href":"https:\/\/osiiims.splet.arnes.si\/index.php?rest_route=\/wp\/v2\/pages\/14647","targetHints":{"allow":["GET"]}}],"collection":[{"href":"https:\/\/osiiims.splet.arnes.si\/index.php?rest_route=\/wp\/v2\/pages"}],"about":[{"href":"https:\/\/osiiims.splet.arnes.si\/index.php?rest_route=\/wp\/v2\/types\/page"}],"author":[{"embeddable":true,"href":"https:\/\/osiiims.splet.arnes.si\/index.php?rest_route=\/wp\/v2\/users\/6834"}],"replies":[{"embeddable":true,"href":"https:\/\/osiiims.splet.arnes.si\/index.php?rest_route=%2Fwp%2Fv2%2Fcomments&post=14647"}],"version-history":[{"count":1,"href":"https:\/\/osiiims.splet.arnes.si\/index.php?rest_route=\/wp\/v2\/pages\/14647\/revisions"}],"predecessor-version":[{"id":14648,"href":"https:\/\/osiiims.splet.arnes.si\/index.php?rest_route=\/wp\/v2\/pages\/14647\/revisions\/14648"}],"wp:attachment":[{"href":"https:\/\/osiiims.splet.arnes.si\/index.php?rest_route=%2Fwp%2Fv2%2Fmedia&parent=14647"}],"curies":[{"name":"wp","href":"https:\/\/api.w.org\/{rel}","templated":true}]}}