{"id":151,"date":"2015-10-15T17:56:50","date_gmt":"2015-10-15T15:56:50","guid":{"rendered":"http:\/\/osiiims.splet.arnes.si\/?page_id=151"},"modified":"2020-11-01T15:51:21","modified_gmt":"2020-11-01T14:51:21","slug":"organizacijska-shema","status":"publish","type":"page","link":"https:\/\/osiiims.splet.arnes.si\/?page_id=151","title":{"rendered":"Organizacijska shema"},"content":{"rendered":"<table style=\"border-color: #000000;height: 594px\" border=\"1\" width=\"626\">\n<tbody>\n<tr style=\"height: 48px\">\n<td style=\"border-color: #000000;width: 186.25px;height: 48px\">Ravnateljica \u0161ole:<\/td>\n<td style=\"border-color: #000000;width: 423.75px;height: 48px\">Sonja \u010cerpnjak<br \/>\nRavnatelj je pedago\u0161ki vodja in poslovodni organ \u0161ole.<\/td>\n<\/tr>\n<tr style=\"height: 24px\">\n<td style=\"border-color: #000000;width: 186.25px;height: 24px\">Pomo\u010dnica ravnateljice:<\/td>\n<td style=\"border-color: #000000;width: 423.75px;height: 24px\">Simona \u0160eruga<\/td>\n<\/tr>\n<tr style=\"height: 24px\">\n<td style=\"border-color: #000000;width: 186.25px;height: 24px\">Tajnica:<\/td>\n<td style=\"border-color: #000000;width: 423.75px;height: 24px\">Julijana Klement<\/td>\n<\/tr>\n<tr style=\"height: 24px\">\n<td style=\"border-color: #000000;width: 186.25px;height: 24px\">Ra\u010dunovodstvo:<\/td>\n<td style=\"border-color: #000000;width: 423.75px;height: 24px\">JZ VIZ Murska Sobota, Miran Ranta\u0161a<\/td>\n<\/tr>\n<tr style=\"height: 24px\">\n<td style=\"border-color: #000000;width: 186.25px;height: 24px\">Svetovalna slu\u017eba:<\/td>\n<td style=\"border-color: #000000;width: 423.75px;height: 24px\">Dominika Sraka \u2013 psihologinja<\/td>\n<\/tr>\n<tr style=\"height: 96px\">\n<td style=\"border-color: #000000;width: 186.25px;height: 96px\">Drugi strokovni delavci:<\/td>\n<td style=\"border-color: #000000;width: 423.75px;height: 96px\">Bojan Kuprivec, ra\u010dunalni\u010dar \u2013\u00a0 org. inf. dejavnosti<br \/>\nZlatka Horvat, knji\u017eni\u010darka, skrbnica u\u010dbeni\u0161kega sklada<br \/>\nDodatno strokovno pomo\u010d u\u010dencem s posebnimi potrebami izvajajo mobilni specialni pedagogi O\u0160 IV Murska Sobota.<\/td>\n<\/tr>\n<tr style=\"height: 72px\">\n<td style=\"border-color: #000000;width: 186.25px;height: 72px\">Spremljevalke za pomo\u010d gibalno oviranim u\u010dencem in u\u010dencem:<\/td>\n<td style=\"border-color: #000000;width: 423.75px;text-align: justify;height: 72px\">Zdenka Mau\u010dec Slavic, Ma\u0161a Sabotin, Polona Koltaj, Natalija Bencik<\/td>\n<\/tr>\n<tr style=\"height: 21px\">\n<td style=\"border-color: #000000;width: 186.25px;height: 21px\">Kuhinjsko osebje:<\/td>\n<td style=\"border-color: #000000;width: 423.75px;height: 21px;text-align: justify\">Malice in kosila pripravljajo: kuharja Toma\u017e Rajh in Simon Zver ter Barbara Kumin, Danijela Kerec in Katja Dervari\u010d<\/td>\n<\/tr>\n<tr style=\"height: 48px\">\n<td style=\"border-color: #000000;width: 186.25px;height: 48px\">Vzdr\u017eevalci:<\/td>\n<td style=\"border-color: #000000;width: 423.75px;height: 48px\">Boris C\u00f6r,<br \/>\nBranko \u0160ebjan (\u0161portna dvorana od 16.30 ure naprej)<\/td>\n<\/tr>\n<tr style=\"height: 72px\">\n<td style=\"border-color: #000000;width: 186.25px;height: 72px\">\u010cistilke:<\/td>\n<td style=\"border-color: #000000;width: 423.75px;height: 72px;text-align: justify\">Mira Mur\u0161i\u010d, Marjana Sabotin, Anica Dervari\u010d, Danica Jan\u017eek (nadome\u0161\u010da jo Gabrijela Mesari\u010d), Katja Dervari\u010d in \u0160pela Pe\u010dek<\/td>\n<\/tr>\n<tr style=\"height: 24px\">\n<td style=\"border-color: #000000;width: 186.25px;height: 24px\">Romska pomo\u010dnica:<\/td>\n<td style=\"border-color: #000000;width: 423.75px;height: 24px\">Damjana Pestner (projekt)<\/td>\n<\/tr>\n<tr style=\"height: 10px\">\n<td style=\"border-color: #000000;width: 186.25px;height: 10px\">Javna dela:<\/td>\n<td style=\"border-color: #000000;width: 423.75px;height: 10px\">Melani Vrbec (u\u010dna pomo\u010d), Viktorija Kolar (informatorka)<\/td>\n<\/tr>\n<\/tbody>\n<\/table>\n<p>&nbsp;<\/p>\n","protected":false},"excerpt":{"rendered":"<p>Ravnateljica \u0161ole: Sonja \u010cerpnjak Ravnatelj je pedago\u0161ki vodja in poslovodni organ \u0161ole. Pomo\u010dnica ravnateljice: Simona \u0160eruga Tajnica: Julijana Klement Ra\u010dunovodstvo: JZ VIZ Murska Sobota, Miran Ranta\u0161a Svetovalna slu\u017eba: Dominika Sraka [&hellip;]<\/p>\n","protected":false},"author":6834,"featured_media":0,"parent":0,"menu_order":0,"comment_status":"closed","ping_status":"closed","template":"","meta":{"ngg_post_thumbnail":0,"footnotes":""},"class_list":["post-151","page","type-page","status-publish","hentry"],"_links":{"self":[{"href":"https:\/\/osiiims.splet.arnes.si\/index.php?rest_route=\/wp\/v2\/pages\/151","targetHints":{"allow":["GET"]}}],"collection":[{"href":"https:\/\/osiiims.splet.arnes.si\/index.php?rest_route=\/wp\/v2\/pages"}],"about":[{"href":"https:\/\/osiiims.splet.arnes.si\/index.php?rest_route=\/wp\/v2\/types\/page"}],"author":[{"embeddable":true,"href":"https:\/\/osiiims.splet.arnes.si\/index.php?rest_route=\/wp\/v2\/users\/6834"}],"replies":[{"embeddable":true,"href":"https:\/\/osiiims.splet.arnes.si\/index.php?rest_route=%2Fwp%2Fv2%2Fcomments&post=151"}],"version-history":[{"count":24,"href":"https:\/\/osiiims.splet.arnes.si\/index.php?rest_route=\/wp\/v2\/pages\/151\/revisions"}],"predecessor-version":[{"id":9949,"href":"https:\/\/osiiims.splet.arnes.si\/index.php?rest_route=\/wp\/v2\/pages\/151\/revisions\/9949"}],"wp:attachment":[{"href":"https:\/\/osiiims.splet.arnes.si\/index.php?rest_route=%2Fwp%2Fv2%2Fmedia&parent=151"}],"curies":[{"name":"wp","href":"https:\/\/api.w.org\/{rel}","templated":true}]}}