{"id":153,"date":"2015-10-15T17:57:21","date_gmt":"2015-10-15T15:57:21","guid":{"rendered":"http:\/\/osiiims.splet.arnes.si\/?page_id=153"},"modified":"2020-11-01T15:56:49","modified_gmt":"2020-11-01T14:56:49","slug":"organi-sole","status":"publish","type":"page","link":"https:\/\/osiiims.splet.arnes.si\/?page_id=153","title":{"rendered":"Organi \u0161ole"},"content":{"rendered":"<p><span style=\"font-size: medium\"><strong>ORGANI UPRAVLJANJA \u0160OLE<\/strong><\/span><\/p>\n<p><strong>SVET \u0160OLE<\/strong> ima pristojnosti, ki so dolo\u010dene z zakonom:<br \/>\n&#8211; imenuje in razre\u0161uje ravnatelja,<br \/>\n&#8211; sprejema program razvoja \u0161ole in letni delovni na\u010drt ter poro\u010dilo o njegovi uresni\u010ditvi,<br \/>\n&#8211; odlo\u010da o nadstandardnih in drugih programih,<br \/>\n&#8211; odlo\u010da o prito\u017ebah v zvezi s statusom u\u010denca,<br \/>\n&#8211; obravnava finan\u010dni na\u010drt in sprejema zaklju\u010dni ra\u010dun \u0161ole,<br \/>\n&#8211; opravlja druge naloge, dolo\u010dene z zakonom ali aktom o ustanovitvi.<\/p>\n<p style=\"text-align: justify\">Sestavljajo ga po 3 predstavniki ustanovitelja in star\u0161ev ter 5 predstavnikov zaposlenih, skupno \u0161teje 11 \u010dlanov. To so: Alenka Glava\u010d Ger\u0161anov, Bernarda Ru\u017ei\u010d, Nada Kuhar, Manuela Frumen, Vlasta Felkar, Zoran Kos, Tina Kur, Simona Pr\u0161a, Polonca Horvat, Alenka Gr\u010dar in \u0160pela Pe\u010dek.<\/p>\n<p style=\"text-align: justify\"><strong>SVET STAR\u0160EV<\/strong> sestavljajo star\u0161i, izvoljeni na roditeljskem sestanku v vsaki oddel\u010dni skupnosti, in je organiziran za uresni\u010devanje interesov star\u0161ev v \u0161oli. Svet star\u0161ev \u0161teje 20 \u010dlanov. V leto\u0161njem \u0161olskem letu so \u010dlani sveta star\u0161ev: Branko Pertoci, Darja C\u00f6r, Sandra Gornjec, Marjeta Neme\u0161, Darko Su\u0161nik, Iztok \u017dalig, Jelka Klemen\u010di\u010d, Ur\u0161ka Gjerek, Lidija Klemen\u010di\u010d, Klaudija Kos, Tadej Kumin, Manuela Frumen, Lea Cipot, Gorazd Graabar, Nina Bauer, Simona Mohar Karakati\u010d, Vesna \u0160ipli\u010d Horvat, Sa\u0161o Kava\u0161, Nata\u0161a \u0160kedelj in Vida Luka\u010d.<\/p>\n<p><span style=\"font-size: medium\"><strong>STROKOVNI ORGANI \u0160OLE<\/strong><\/span><\/p>\n<p><strong>U\u010cITELJSKI ZBOR \u0160OLE<\/strong> sestavljajo vsi pedago\u0161ki in drugi strokovni delavci ter delavci \u0161olske svetovalne slu\u017ebe:<br \/>\n&#8211; obravnava in odlo\u010da o strokovnih vpra\u0161anjih,<br \/>\n&#8211; daje mnenje o letnem delovnem na\u010drtu \u0161ole,<br \/>\n&#8211; daje mnenje o predlogu za imenovanje ravnatelja,<br \/>\n&#8211; opravlja druge naloge v skladu z zakonom.<\/p>\n<p><strong>ODDEL\u010cNI U\u010cITELJSKI ZBOR<\/strong> sestavljajo u\u010ditelji, ki opravljajo vzgojno-izobra\u017eevalno delo v posameznem oddelku. Eden izmed razrednikov koordinira delo med oddelki:<br \/>\n&#8211; obravnava vzgojno-izobra\u017eevalno problematiko v oddelku,<br \/>\n&#8211; oblikuje program za delo z nadarjenimi u\u010denci in s tistimi, ki te\u017eje napredujejo,<br \/>\n&#8211; odlo\u010da o vzgojnih ukrepih,<br \/>\n&#8211; opravlja druge naloge v skladu z zakonom.<\/p>\n<p><strong>RAZREDNIK<br \/>\n<\/strong>&#8211; vodi delo oddel\u010dnega u\u010diteljskega zbora, analizira vzgojne in u\u010dne rezultate oddelka,<br \/>\n&#8211; skrbi za re\u0161evanje vzgojnih in u\u010dnih problemov posameznih u\u010dencev,<br \/>\n&#8211; sodeluje s star\u0161i in \u0161olsko svetovalno slu\u017ebo,<br \/>\n&#8211; odlo\u010da o vzgojnih ukrepih,<br \/>\n&#8211;\u00a0 opravlja druge naloge v skladu z zakonodajo.<\/p>\n<p><strong>STROKOVNI AKTIVI<br \/>\n<\/strong>Sestavljajo jih u\u010ditelji sorodnih predmetnih podro\u010dij oz. u\u010ditelji posameznih vzgojno-izobra\u017eevalnih obdobij:<br \/>\n&#8211; obravnavajo problematiko predmeta oziroma predmetnega podro\u010dja,<br \/>\n&#8211; usklajujejo merila za ocenjevanje,<br \/>\n&#8211; dajejo u\u010diteljskemu zboru predloge za izbolj\u0161anje vzgojno-izobra\u017eevalnega dela,<br \/>\n&#8211; obravnavajo pripombe star\u0161ev na ugovore,<br \/>\n&#8211;\u00a0 opravljajo druge naloge, dolo\u010dene z letnim delovnim na\u010drtom.<\/p>\n","protected":false},"excerpt":{"rendered":"<p>ORGANI UPRAVLJANJA \u0160OLE SVET \u0160OLE ima pristojnosti, ki so dolo\u010dene z zakonom: &#8211; imenuje in razre\u0161uje ravnatelja, &#8211; sprejema program razvoja \u0161ole in letni delovni na\u010drt ter poro\u010dilo o njegovi [&hellip;]<\/p>\n","protected":false},"author":6834,"featured_media":0,"parent":0,"menu_order":0,"comment_status":"closed","ping_status":"closed","template":"","meta":{"ngg_post_thumbnail":0,"footnotes":""},"class_list":["post-153","page","type-page","status-publish","hentry"],"_links":{"self":[{"href":"https:\/\/osiiims.splet.arnes.si\/index.php?rest_route=\/wp\/v2\/pages\/153","targetHints":{"allow":["GET"]}}],"collection":[{"href":"https:\/\/osiiims.splet.arnes.si\/index.php?rest_route=\/wp\/v2\/pages"}],"about":[{"href":"https:\/\/osiiims.splet.arnes.si\/index.php?rest_route=\/wp\/v2\/types\/page"}],"author":[{"embeddable":true,"href":"https:\/\/osiiims.splet.arnes.si\/index.php?rest_route=\/wp\/v2\/users\/6834"}],"replies":[{"embeddable":true,"href":"https:\/\/osiiims.splet.arnes.si\/index.php?rest_route=%2Fwp%2Fv2%2Fcomments&post=153"}],"version-history":[{"count":22,"href":"https:\/\/osiiims.splet.arnes.si\/index.php?rest_route=\/wp\/v2\/pages\/153\/revisions"}],"predecessor-version":[{"id":9951,"href":"https:\/\/osiiims.splet.arnes.si\/index.php?rest_route=\/wp\/v2\/pages\/153\/revisions\/9951"}],"wp:attachment":[{"href":"https:\/\/osiiims.splet.arnes.si\/index.php?rest_route=%2Fwp%2Fv2%2Fmedia&parent=153"}],"curies":[{"name":"wp","href":"https:\/\/api.w.org\/{rel}","templated":true}]}}