{"id":156,"date":"2015-10-15T17:58:44","date_gmt":"2015-10-15T15:58:44","guid":{"rendered":"http:\/\/osiiims.splet.arnes.si\/?page_id=156"},"modified":"2020-11-01T16:39:28","modified_gmt":"2020-11-01T15:39:28","slug":"povezanost-sole-s-krajem-in-sirsim-okoljem","status":"publish","type":"page","link":"https:\/\/osiiims.splet.arnes.si\/?page_id=156","title":{"rendered":"Povezanost \u0161ole s krajem in \u0161ir\u0161im okoljem"},"content":{"rendered":"<p style=\"text-align: justify\">\u0160ola se bo skozi celo \u0161olsko leto povezovala z okoljem, v katerem deluje. U\u010denci bodo sodelovali na kulturnih in drugih prireditvah, v razli\u010dnih ustanovah ter se udele\u017eevali raznih humanitarnih akcij &#8211; shodi, zbiralne in o\u010di\u0161\u010devalne akcije. Pomembno vlogo bo imelo tudi sodelovanje z vrtci &#8211; obiski otrok v \u0161oli in obratno. Kot vsa leta do sedaj, se bo tudi v tem \u0161olskem letu nadaljevalo sodelovanje z Zavodom RS za \u0161olstvo, posebno z OE Murska Sobota na podro\u010dju razvijanja strokovnosti vzgojno-izobra\u017eevalnega procesa in drugih oblik medsebojnega sodelovanja. Z Ministrstvom za izobra\u017eevanje, znanost in \u0161port pa bomo sodelovali predvsem na podro\u010dju zagotavljanja pogojev, ki izhajajo iz \u0161olske zakonodaje. Sodelovali bomo \u0161e z MO Murska Sobota, ZOTKS Murska Sobota, ZDPM Murska Sobota (skupnost u\u010dencev, po\u010ditni\u0161ke dejavnosti), Zavodom za zaposlovanje Murska Sobota, s Centrom za socialno delo Murska Sobota, z Dispanzerjem za psihohigieno otrok in mladostnikov Murska Sobota, s \u0161olskim dispanzerjem, s \u0161olsko zobno ambulanto, s Pedago\u0161kim in\u0161titutom Ljubljana, z Republi\u0161kim izpitnim centrom Ljubljana, s Policijsko postajo Murska Sobota, s Kriznim centrom Murska Sobota, z osnovnimi in srednjimi \u0161olami ter mediji (predvsem lokalnimi), DOSORjem.<\/p>\n<p style=\"text-align: justify\">\u0160ola odpira vrata tudi razli\u010dnim dru\u0161tvom oz. ustanovam, upokojencem na\u0161e mestne \u010detrti Partizan in drugim, ki jim solidarno pomagamo izvesti razli\u010dne aktivnosti.<\/p>\n","protected":false},"excerpt":{"rendered":"<p>\u0160ola se bo skozi celo \u0161olsko leto povezovala z okoljem, v katerem deluje. U\u010denci bodo sodelovali na kulturnih in drugih prireditvah, v razli\u010dnih ustanovah ter se udele\u017eevali raznih humanitarnih akcij [&hellip;]<\/p>\n","protected":false},"author":6834,"featured_media":0,"parent":0,"menu_order":0,"comment_status":"closed","ping_status":"closed","template":"","meta":{"ngg_post_thumbnail":0,"footnotes":""},"class_list":["post-156","page","type-page","status-publish","hentry"],"_links":{"self":[{"href":"https:\/\/osiiims.splet.arnes.si\/index.php?rest_route=\/wp\/v2\/pages\/156","targetHints":{"allow":["GET"]}}],"collection":[{"href":"https:\/\/osiiims.splet.arnes.si\/index.php?rest_route=\/wp\/v2\/pages"}],"about":[{"href":"https:\/\/osiiims.splet.arnes.si\/index.php?rest_route=\/wp\/v2\/types\/page"}],"author":[{"embeddable":true,"href":"https:\/\/osiiims.splet.arnes.si\/index.php?rest_route=\/wp\/v2\/users\/6834"}],"replies":[{"embeddable":true,"href":"https:\/\/osiiims.splet.arnes.si\/index.php?rest_route=%2Fwp%2Fv2%2Fcomments&post=156"}],"version-history":[{"count":4,"href":"https:\/\/osiiims.splet.arnes.si\/index.php?rest_route=\/wp\/v2\/pages\/156\/revisions"}],"predecessor-version":[{"id":9957,"href":"https:\/\/osiiims.splet.arnes.si\/index.php?rest_route=\/wp\/v2\/pages\/156\/revisions\/9957"}],"wp:attachment":[{"href":"https:\/\/osiiims.splet.arnes.si\/index.php?rest_route=%2Fwp%2Fv2%2Fmedia&parent=156"}],"curies":[{"name":"wp","href":"https:\/\/api.w.org\/{rel}","templated":true}]}}