{"id":158,"date":"2015-10-15T17:59:33","date_gmt":"2015-10-15T15:59:33","guid":{"rendered":"http:\/\/osiiims.splet.arnes.si\/?page_id=158"},"modified":"2020-11-01T16:45:28","modified_gmt":"2020-11-01T15:45:28","slug":"skrb-za-ucence","status":"publish","type":"page","link":"https:\/\/osiiims.splet.arnes.si\/?page_id=158","title":{"rendered":"Skrb za u\u010dence"},"content":{"rendered":"<p><strong>SKRB ZA ZDRAVJE NA\u0160IH U\u010cENCEV<\/strong><\/p>\n<p><strong>Zdravstveno varstvo \u0161olarjev<\/strong><\/p>\n<p style=\"text-align: justify\">Zdravstveno varstvo je ena izmed pomembnej\u0161ih usmeritev dela osnovne \u0161ole in vsebuje neposredno varstveno in vzgojno komponento. Vzgojni del te naloge z ustreznimi spodbudami za primeren zdravstveni razvoj realizirajo vsi u\u010ditelji skladno z vsebinami u\u010dnega na\u010drta, posebej pa poudarjamo naslednja podro\u010dja: \u0161portna vzgoja, biologija, gospodinjstvo, prometna vzgoja in prehranjevanje.<\/p>\n<p style=\"text-align: justify\">Drugi del na podro\u010dju zdravstvenega varstva pa izvaja Zdravstveni dom. \u0160olski dispanzer opravlja vse preventivne in kurativne zdravstvene storitve: sistematske preglede za u\u010dence 1., 3., 8. razreda, preglede \u0161olskih novincev pred vstopom v \u0161olo in vsa obvezna cepljenja.<\/p>\n<p style=\"text-align: justify\"><strong>Zobozdravstveno varstvo<\/strong> je organizirano v \u0161olski zobni ambulanti. Obsega preventivo in kurativo. Poudarek je zlasti na preventivni zdravstveni dejavnosti.<a name=\"_Toc20729728\"><\/a><\/p>\n<p style=\"text-align: justify\"><strong>Sanitarno &#8211; higienski nadzor<\/strong> na na\u0161i \u0161oli opravlja Zavod za socialno medicino in higieno ter Republi\u0161ka uprava za in\u0161pekcijske slu\u017ebe<a name=\"_Toc20729729\"><\/a><\/p>\n<p style=\"text-align: justify\"><strong>Pomen prehrane za zdravo \u017eivljenje<\/strong><\/p>\n<p style=\"text-align: justify\">Prehrana v veliki meri vpliva na zdravje in delovno sposobnost \u010dloveka. \u0160e poseben pomen pa ima pravilno uravnote\u017eena prehrana v dobi razvoja, saj je eden najosnovnej\u0161ih temeljev za zdrav telesni in du\u0161evni razvoj otroka. Za zdravo in uravnote\u017eeno prehrano bo v skladu s Pravili o \u0161olski prehrani skrbela komisija za \u0161olsko prehrano, ki jo sestavljajo predstavniki u\u010dencev, star\u0161ev in u\u010diteljev.<\/p>\n<p style=\"text-align: justify\">U\u010dencem nudimo dnevne obroke (malica, kosilo, popoldanska malica), ki ustrezajo otrokovim potrebam.<\/p>\n<p style=\"text-align: justify\"><a name=\"_Toc20729730\"><\/a><strong>Prometna varnost &#8211; VARNA POT V \u0160OLO<\/strong><\/p>\n<p style=\"text-align: justify\">Otroci morajo biti v cestnem prometu dele\u017eni posebne pozornosti in skrbi. Za njihovo varnost pa smo dol\u017eni poskrbeti odrasli. Vsaka vzgoja se za\u010dne najprej doma &#8211; tudi prometna. To pomeni, da za otrokovo varnost najprej poskrbijo star\u0161i. V skladu z Zakonom o varnosti cestnega prometa je potrebno posebno skrb nameniti varovanju otrok. Zakon dolo\u010da, da morajo u\u010denci 1. razredov imeti spremstvo v \u0161olo in domov. Spremljevalci so poleg odraslih oseb lahko tudi otroci, stari od 10 do 14 let, vendar le s soglasjem star\u0161ev otroka, ki spremstvo potrebuje (obrazec za soglasje dobijo v \u0161oli). Otroci morajo pono\u010di in ob zmanj\u0161ani vidljivosti med hojo po cesti nositi na vidnem mestu odsevnik &#8211; kresni\u010dko. U\u010denci 1. razredov pa morajo v \u0161olo in iz nje okrog vratu nositi rumeno rutico. Otrok do 14. leta starosti mora imeti med vo\u017enjo s kolesom, ali ko ga kot potnika vozimo na kolesu ali kolesu s pomo\u017enim motorjem, na glavi kolesarsko \u010delado. Otroci se usposobijo za vo\u017enjo kolesa, opravijo teoreti\u010dni in prakti\u010dni del kolesarskega izpita (v 5. razredu) in dobijo kolesarsko izkaznico, vklju\u010deni pa so tudi v projekt \u00bbPolicist Leon svetuje\u00ab. Zaradi varnosti drugih u\u010dencev vo\u017enje s kolesom ali s kolesom s pomo\u017enim motorjem v \u0161olo ne priporo\u010damo. Za u\u010dence iz Raki\u010dana in Pu\u0161\u010de je organiziran prevoz s \u0161olskim avtobusom in kombijem, u\u010denci iz mesta pa v \u0161olo prihajajo pe\u0161. Prihajanje v \u0161olo z rolkami, rolerji itd. ni dovoljeno.<\/p>\n<p style=\"text-align: justify\">Za storjene prekr\u0161ke prometnih predpisov mladoletnikov so odgovorni star\u0161i oz. skrbniki.<\/p>\n<p><a name=\"_Toc20729731\"><\/a><strong>Varstvo pred po\u017earom, elementarnimi nesre\u010dami<\/strong><\/p>\n<p style=\"text-align: justify\">Da bi se u\u010denci in zaposleni kar najbolje pripravili na morebitne nesre\u010de, bomo to \u0161olsko leto izvedli kraj\u0161o ve\u010djo vajo evakuacije z vsemi pripadajo\u010dimi aktivnostmi.<\/p>\n<p><a name=\"_Toc20729732\"><\/a><strong>Eko vsebine<\/strong><\/p>\n<p style=\"text-align: justify\">SKRB ZA NEPOSREDNO OKOLICO \u0160OLE &#8211; Postavitev novih ko\u0161ev za smeti, postavitev pti\u010djih krmilnic na zelenici pred \u0161olo \u2026<br \/>\nZBIRALNE AKCIJE &#8211; papir, baterije, tonerji in kartu\u0161e, zama\u0161ki<br \/>\nZELI\u0160\u010cNI VRT<\/p>\n<p style=\"text-align: justify\">Skrb za urejen vrt, brez plevela. Seznanjanje u\u010dencev o razli\u010dnih zeli\u0161\u010dih. Opazovanje vrta v razli\u010dnih letnih \u010dasih. Uporaba zeli\u0161\u010d na naravoslovnih dnevih, v \u0161olski kuhinji \u2026<\/p>\n<p style=\"text-align: justify\"><strong>Sodelovanje na razpisih<\/strong><\/p>\n","protected":false},"excerpt":{"rendered":"<p>SKRB ZA ZDRAVJE NA\u0160IH U\u010cENCEV Zdravstveno varstvo \u0161olarjev Zdravstveno varstvo je ena izmed pomembnej\u0161ih usmeritev dela osnovne \u0161ole in vsebuje neposredno varstveno in vzgojno komponento. Vzgojni del te naloge z [&hellip;]<\/p>\n","protected":false},"author":6834,"featured_media":0,"parent":0,"menu_order":0,"comment_status":"closed","ping_status":"closed","template":"","meta":{"ngg_post_thumbnail":0,"footnotes":""},"class_list":["post-158","page","type-page","status-publish","hentry"],"_links":{"self":[{"href":"https:\/\/osiiims.splet.arnes.si\/index.php?rest_route=\/wp\/v2\/pages\/158","targetHints":{"allow":["GET"]}}],"collection":[{"href":"https:\/\/osiiims.splet.arnes.si\/index.php?rest_route=\/wp\/v2\/pages"}],"about":[{"href":"https:\/\/osiiims.splet.arnes.si\/index.php?rest_route=\/wp\/v2\/types\/page"}],"author":[{"embeddable":true,"href":"https:\/\/osiiims.splet.arnes.si\/index.php?rest_route=\/wp\/v2\/users\/6834"}],"replies":[{"embeddable":true,"href":"https:\/\/osiiims.splet.arnes.si\/index.php?rest_route=%2Fwp%2Fv2%2Fcomments&post=158"}],"version-history":[{"count":9,"href":"https:\/\/osiiims.splet.arnes.si\/index.php?rest_route=\/wp\/v2\/pages\/158\/revisions"}],"predecessor-version":[{"id":9965,"href":"https:\/\/osiiims.splet.arnes.si\/index.php?rest_route=\/wp\/v2\/pages\/158\/revisions\/9965"}],"wp:attachment":[{"href":"https:\/\/osiiims.splet.arnes.si\/index.php?rest_route=%2Fwp%2Fv2%2Fmedia&parent=158"}],"curies":[{"name":"wp","href":"https:\/\/api.w.org\/{rel}","templated":true}]}}