{"id":226,"date":"2015-10-29T14:28:49","date_gmt":"2015-10-29T13:28:49","guid":{"rendered":"http:\/\/osiiims.splet.arnes.si\/?page_id=226"},"modified":"2016-11-01T18:29:06","modified_gmt":"2016-11-01T17:29:06","slug":"oblike-ucne-pomoci","status":"publish","type":"page","link":"https:\/\/osiiims.splet.arnes.si\/?page_id=226","title":{"rendered":"Oblike u\u010dne pomo\u010di"},"content":{"rendered":"<p><strong>DOPOLNILNI POUK (DOP)<\/strong><br \/>\nDopolnilni pouk je namenjen u\u010dencem, ki imajo u\u010dne te\u017eave.<br \/>\nZ druga\u010dnim na\u010dinom dela u\u010denci la\u017eje dose\u017eejo temeljne u\u010dne cilje. Obiskujejo ga lahko celo leto ali samo ob\u010dasno po potrebi. Razpored dopolnilnega pouka za posamezne predmete bo sestavni del urnika.<\/p>\n<p><strong>DODATNI POUK (DOD)<\/strong><br \/>\nDodatni pouk je namenjen u\u010dencem, ki se \u017eelijo seznaniti z dolo\u010denim podro\u010djem na vi\u0161ji, zahtevnej\u0161i ravni. Pri dodatnem pouku snov torej poglabljajo in raz\u0161irjajo, ukvarjajo se z raziskovalnim delom in se pripravljajo na tekmovanja v znanju dolo\u010denega predmeta.<br \/>\nRazpored dodatnega pouka bo prav tako sestavni del urnika.<br \/>\nO obisku dopolnilnega in dodatnega pouka vodijo u\u010ditelji evidenco.<\/p>\n<p><strong>INDIVIDUALNA IN SKUPINSKA POMO\u010c U\u010cENCEM<\/strong><br \/>\nIndividualno pomo\u010d nudimo u\u010dencem, ki imajo odlo\u010dbo o usmeritvi Zavoda za \u0161olstvo RS, s katero je dolo\u010den obseg in na\u010din izvajanja dodatne strokovne pomo\u010di u\u010dencu. Izvajajo se naslednje oblike pomo\u010di:<br \/>\n&#8211; u\u010dna pomo\u010d u\u010dencem z odlo\u010dbami o usmeritvi (IPO),<br \/>\n&#8211; mentorstva u\u010dencem s te\u017eavami na podro\u010dju socialnega funkcioniranja,<br \/>\n&#8211; pomo\u010d u\u010dencem v oddelkih &#8211; u\u010dencem z u\u010dnimi te\u017eavami, nadarjenim u\u010dencem (ISP),<br \/>\n&#8211; dodatna strokovna pomo\u010d u\u010dencem Romom (DSP).<\/p>\n","protected":false},"excerpt":{"rendered":"<p>DOPOLNILNI POUK (DOP) Dopolnilni pouk je namenjen u\u010dencem, ki imajo u\u010dne te\u017eave. Z druga\u010dnim na\u010dinom dela u\u010denci la\u017eje dose\u017eejo temeljne u\u010dne cilje. Obiskujejo ga lahko celo leto ali samo ob\u010dasno [&hellip;]<\/p>\n","protected":false},"author":6834,"featured_media":0,"parent":0,"menu_order":0,"comment_status":"closed","ping_status":"closed","template":"","meta":{"ngg_post_thumbnail":0,"footnotes":""},"class_list":["post-226","page","type-page","status-publish","hentry"],"_links":{"self":[{"href":"https:\/\/osiiims.splet.arnes.si\/index.php?rest_route=\/wp\/v2\/pages\/226","targetHints":{"allow":["GET"]}}],"collection":[{"href":"https:\/\/osiiims.splet.arnes.si\/index.php?rest_route=\/wp\/v2\/pages"}],"about":[{"href":"https:\/\/osiiims.splet.arnes.si\/index.php?rest_route=\/wp\/v2\/types\/page"}],"author":[{"embeddable":true,"href":"https:\/\/osiiims.splet.arnes.si\/index.php?rest_route=\/wp\/v2\/users\/6834"}],"replies":[{"embeddable":true,"href":"https:\/\/osiiims.splet.arnes.si\/index.php?rest_route=%2Fwp%2Fv2%2Fcomments&post=226"}],"version-history":[{"count":4,"href":"https:\/\/osiiims.splet.arnes.si\/index.php?rest_route=\/wp\/v2\/pages\/226\/revisions"}],"predecessor-version":[{"id":1517,"href":"https:\/\/osiiims.splet.arnes.si\/index.php?rest_route=\/wp\/v2\/pages\/226\/revisions\/1517"}],"wp:attachment":[{"href":"https:\/\/osiiims.splet.arnes.si\/index.php?rest_route=%2Fwp%2Fv2%2Fmedia&parent=226"}],"curies":[{"name":"wp","href":"https:\/\/api.w.org\/{rel}","templated":true}]}}