{"id":228,"date":"2015-10-29T14:31:31","date_gmt":"2015-10-29T13:31:31","guid":{"rendered":"http:\/\/osiiims.splet.arnes.si\/?page_id=228"},"modified":"2023-10-24T11:40:52","modified_gmt":"2023-10-24T09:40:52","slug":"tekmovanja","status":"publish","type":"page","link":"https:\/\/osiiims.splet.arnes.si\/?page_id=228","title":{"rendered":"Tekmovanja"},"content":{"rendered":"<p>U\u010denci pod vodstvom mentorjev sodelujejo na \u0161olskih, regijskih in dr\u017eavnih tekmovanjih in na podro\u010dju interesnih dejavnosti.<\/p>\n<table style=\"border-color: #000000;height: 712px\" border=\"1\" width=\"591\">\n<tbody>\n<tr>\n<td style=\"border-color: #000000;width: 168.7px;background-color: #d4d6ce\">Sloven\u0161\u010dina<\/td>\n<td style=\"border-color: #000000;width: 406.3px\">Cankarjevo priznanje. Bralna zna\u010dka.<\/td>\n<\/tr>\n<tr>\n<td style=\"border-color: #000000;width: 168.7px;background-color: #d4d6ce\">Angle\u0161\u010dina<\/td>\n<td style=\"border-color: #000000;width: 406.3px\">Tekmovanje iz angle\u0161\u010dine \u2013 tekmujejo u\u010denci 8. in&nbsp; 9. razredov.<br \/>\nAngle\u0161ka bralna zna\u010dka \u2013 tekmujejo u\u010denci od 4. razreda dalje.<\/td>\n<\/tr>\n<tr>\n<td style=\"border-color: #000000;width: 168.7px;background-color: #d4d6ce\">Nem\u0161\u010dina<\/td>\n<td style=\"border-color: #000000;width: 406.3px\">Nem\u0161ka bralna zna\u010dka \u2013&nbsp; tekmujejo u\u010denci 4. razreda in od 7. razreda dalje.<br \/>\nTekmovanje iz nem\u0161\u010dine \u2013 tekmujejo u\u010denci 9. razredov.<\/td>\n<\/tr>\n<tr>\n<td style=\"border-color: #000000;width: 168.7px;background-color: #d4d6ce\">Zgodovina<\/td>\n<td style=\"border-color: #000000;width: 406.3px\">Tekmovanje iz zgodovine.<\/td>\n<\/tr>\n<tr>\n<td style=\"border-color: #000000;width: 168.7px;background-color: #d4d6ce\">Likovna umetnost<\/td>\n<td style=\"border-color: #000000;width: 406.3px\">Sodelovanje na razli\u010dnih likovnih nate\u010dajih.<\/td>\n<\/tr>\n<tr>\n<td style=\"border-color: #000000;width: 168.7px;background-color: #d4d6ce\">Glasbena umetnost<\/td>\n<td style=\"border-color: #000000;width: 406.3px\">Revija pevskih zborov, nastopi na \u0161olskih in drugih prireditvah.<\/td>\n<\/tr>\n<tr>\n<td style=\"border-color: #000000;width: 168.7px;background-color: #d4d6ce\">Matematika<\/td>\n<td style=\"border-color: #000000;width: 406.3px\">Logika. Vegovo priznanje. Ra\u010dunanje je igra. Logi\u010dna po\u0161ast.<\/td>\n<\/tr>\n<tr>\n<td style=\"border-color: #000000;width: 168.7px;background-color: #d4d6ce\">Fizika<\/td>\n<td style=\"border-color: #000000;width: 406.3px\">Stefanovo priznanje.<\/td>\n<\/tr>\n<tr>\n<td style=\"border-color: #000000;width: 168.7px;background-color: #d4d6ce\">Kemija<\/td>\n<td style=\"border-color: #000000;width: 406.3px\">Preglovo priznanje.<\/td>\n<\/tr>\n<tr>\n<td style=\"border-color: #000000;width: 168.7px;background-color: #d4d6ce\">Biologija<\/td>\n<td style=\"border-color: #000000;width: 406.3px\">Proteusovo priznanje. Sladkorna bolezen.<\/td>\n<\/tr>\n<tr>\n<td style=\"border-color: #000000;width: 168.7px;background-color: #d4d6ce\">Naravoslovje<\/td>\n<td style=\"border-color: #000000;width: 406.3px\">Kresni\u010dka.<\/td>\n<\/tr>\n<tr>\n<td style=\"border-color: #000000;width: 168.7px;background-color: #d4d6ce\">Raziskovalne naloge<\/td>\n<td style=\"border-color: #000000;width: 406.3px\">Razli\u010dna predmetna podro\u010dja.<\/td>\n<\/tr>\n<tr>\n<td style=\"border-color: #000000;width: 168.7px;background-color: #d4d6ce\">Tehni\u010dno podro\u010dje<\/td>\n<td style=\"border-color: #000000;width: 406.3px;text-align: justify\">Sre\u010danje mladih tehnikov Pomurja. Tekmovanje v konstruktorstvu in tehnologijah obdelav.<br \/>\nSre\u010danje mladih tehnikov Republike Slovenije.<\/td>\n<\/tr>\n<tr>\n<td style=\"border-color: #000000;width: 168.7px;background-color: #d4d6ce\">Promet<\/td>\n<td style=\"border-color: #000000;width: 406.3px\">Kaj ve\u0161 o prometu. ETEC.<\/td>\n<\/tr>\n<tr>\n<td style=\"border-color: #000000;width: 168.7px;background-color: #d4d6ce\">\u0160port, \u0161ah<\/td>\n<td style=\"border-color: #000000;width: 406.3px;text-align: justify\">Atletika, gimnastika, dodge ball, ko\u0161arka, nogomet, odbojka, rokomet, namizni tenis, badminton, judo, \u0161ah. Zlati son\u010dek, Krpan, \u0161portna zna\u010dka.<\/td>\n<\/tr>\n<tr>\n<td style=\"border-color: #000000;width: 168.7px;background-color: #d4d6ce\">Razli\u010dna predmetna podro\u010dja<\/td>\n<td style=\"border-color: #000000;width: 406.3px\">Prvaki znanja.<\/td>\n<\/tr>\n<\/tbody>\n<\/table>\n<p>V tem \u0161olskem letu bomo na \u0161oli organizirali regijska tekmovanja:<br \/>\n<strong>\u0160portna tekmovanja<br \/>\nKaj ve\u0161 o prometu<br \/>\nETEC<br \/>\nModelarstvo<\/strong> \u2013<br \/>\n<strong>Konstruktorstvo<\/strong> \u2013<\/p>\n","protected":false},"excerpt":{"rendered":"<p>U\u010denci pod vodstvom mentorjev sodelujejo na \u0161olskih, regijskih in dr\u017eavnih tekmovanjih in na podro\u010dju interesnih dejavnosti. Sloven\u0161\u010dina Cankarjevo priznanje. Bralna zna\u010dka. Angle\u0161\u010dina Tekmovanje iz angle\u0161\u010dine \u2013 tekmujejo u\u010denci 8. in&nbsp; [&hellip;]<\/p>\n","protected":false},"author":6834,"featured_media":0,"parent":0,"menu_order":0,"comment_status":"closed","ping_status":"closed","template":"","meta":{"ngg_post_thumbnail":0,"footnotes":""},"class_list":["post-228","page","type-page","status-publish","hentry"],"_links":{"self":[{"href":"https:\/\/osiiims.splet.arnes.si\/index.php?rest_route=\/wp\/v2\/pages\/228","targetHints":{"allow":["GET"]}}],"collection":[{"href":"https:\/\/osiiims.splet.arnes.si\/index.php?rest_route=\/wp\/v2\/pages"}],"about":[{"href":"https:\/\/osiiims.splet.arnes.si\/index.php?rest_route=\/wp\/v2\/types\/page"}],"author":[{"embeddable":true,"href":"https:\/\/osiiims.splet.arnes.si\/index.php?rest_route=\/wp\/v2\/users\/6834"}],"replies":[{"embeddable":true,"href":"https:\/\/osiiims.splet.arnes.si\/index.php?rest_route=%2Fwp%2Fv2%2Fcomments&post=228"}],"version-history":[{"count":35,"href":"https:\/\/osiiims.splet.arnes.si\/index.php?rest_route=\/wp\/v2\/pages\/228\/revisions"}],"predecessor-version":[{"id":16723,"href":"https:\/\/osiiims.splet.arnes.si\/index.php?rest_route=\/wp\/v2\/pages\/228\/revisions\/16723"}],"wp:attachment":[{"href":"https:\/\/osiiims.splet.arnes.si\/index.php?rest_route=%2Fwp%2Fv2%2Fmedia&parent=228"}],"curies":[{"name":"wp","href":"https:\/\/api.w.org\/{rel}","templated":true}]}}