{"id":240,"date":"2015-10-29T15:14:30","date_gmt":"2015-10-29T14:14:30","guid":{"rendered":"http:\/\/osiiims.splet.arnes.si\/?page_id=240"},"modified":"2024-01-16T16:51:30","modified_gmt":"2024-01-16T15:51:30","slug":"pravila-in-pravilniki","status":"publish","type":"page","link":"https:\/\/osiiims.splet.arnes.si\/?page_id=240","title":{"rendered":"Pravila in pravilniki"},"content":{"rendered":"<p><a href=\"https:\/\/osiiims.splet.arnes.si\/files\/2021\/08\/protokol-Covid-2122.pdf\">Protokol za prepre\u010devanje nalezljivih bolezni<\/a><br \/>\n<a href=\"http:\/\/osiiims.splet.arnes.si\/?page_id=247\">Pravila hi\u0161nega reda na \u0161oli<\/a><br \/>\n<a href=\"http:\/\/osiiims.splet.arnes.si\/files\/2015\/10\/VzojniN.pdf\">Vzgojni na\u010drt<\/a><br \/>\n<a href=\"http:\/\/osiiims.splet.arnes.si\/files\/2017\/09\/PPSO.pdf\">Pravilnik o prilagajanju \u0161olskih obveznosti<\/a><br \/>\n<a href=\"http:\/\/osiiims.splet.arnes.si\/files\/2017\/09\/Dogovor-statusi.pdf\">Dogovor o prilagajanju \u0161olskih obveznosti za u\u010denca\/ke s statusom<\/a><br \/>\n<a href=\"http:\/\/osiiims.splet.arnes.si\/?page_id=249\">Subvencioniranje \u0161ole v naravi<\/a><br \/>\n<a href=\"http:\/\/osiiims.splet.arnes.si\/files\/2017\/10\/Pravila-\u0161olskega-reda.pdf\">Pravila \u0161olskega reda<\/a><br \/>\n<a href=\"http:\/\/osiiims.splet.arnes.si\/files\/2017\/10\/Seznam-kr\u0161itev-postopkov-in-ukrepov.pdf\">Seznam kr\u0161itev, postopkov in&nbsp; ukrepov<\/a><br \/>\n<a href=\"http:\/\/osiiims.splet.arnes.si\/files\/2015\/10\/pravilnik_o_podeljevanju_pohval.pdf\">Pravilnik o podeljevanju pohval<\/a><br \/>\n<a href=\"https:\/\/www.zrss.si\/wp-content\/uploads\/2022\/03\/Protokol-ob-zaznavi-in-za-obravnavo-medvrstnikega-nasilja-v-VIZ-1.pdf\">Protokol ob zaznavi in obravnavi medvrstni\u0161kega nasilja v vzgojno-izobra\u017eevalnih zavodih<\/a><br \/>\n<a href=\"https:\/\/osiiims.splet.arnes.si\/files\/2023\/05\/Pravila-za-vzpostavitev-notranje-poti-za-prijavo.pdf\">Pravila za vzpostavitev notranje poti za prijavo<\/a> <span style=\"color: #000000\">in<\/span> <a href=\"https:\/\/osiiims.splet.arnes.si\/files\/2023\/05\/Kontaktni-podatki-za-sprejem-prijav.pdf\">Vzpostavitev notranje poti za prijavo po zakonu o za\u0161\u010diti prijaviteljev<\/a><\/p>\n","protected":false},"excerpt":{"rendered":"<p>Protokol za prepre\u010devanje nalezljivih bolezni Pravila hi\u0161nega reda na \u0161oli Vzgojni na\u010drt Pravilnik o prilagajanju \u0161olskih obveznosti Dogovor o prilagajanju \u0161olskih obveznosti za u\u010denca\/ke s statusom Subvencioniranje \u0161ole v naravi [&hellip;]<\/p>\n","protected":false},"author":6834,"featured_media":0,"parent":0,"menu_order":0,"comment_status":"closed","ping_status":"closed","template":"","meta":{"ngg_post_thumbnail":0,"footnotes":""},"class_list":["post-240","page","type-page","status-publish","hentry"],"_links":{"self":[{"href":"https:\/\/osiiims.splet.arnes.si\/index.php?rest_route=\/wp\/v2\/pages\/240","targetHints":{"allow":["GET"]}}],"collection":[{"href":"https:\/\/osiiims.splet.arnes.si\/index.php?rest_route=\/wp\/v2\/pages"}],"about":[{"href":"https:\/\/osiiims.splet.arnes.si\/index.php?rest_route=\/wp\/v2\/types\/page"}],"author":[{"embeddable":true,"href":"https:\/\/osiiims.splet.arnes.si\/index.php?rest_route=\/wp\/v2\/users\/6834"}],"replies":[{"embeddable":true,"href":"https:\/\/osiiims.splet.arnes.si\/index.php?rest_route=%2Fwp%2Fv2%2Fcomments&post=240"}],"version-history":[{"count":21,"href":"https:\/\/osiiims.splet.arnes.si\/index.php?rest_route=\/wp\/v2\/pages\/240\/revisions"}],"predecessor-version":[{"id":17481,"href":"https:\/\/osiiims.splet.arnes.si\/index.php?rest_route=\/wp\/v2\/pages\/240\/revisions\/17481"}],"wp:attachment":[{"href":"https:\/\/osiiims.splet.arnes.si\/index.php?rest_route=%2Fwp%2Fv2%2Fmedia&parent=240"}],"curies":[{"name":"wp","href":"https:\/\/api.w.org\/{rel}","templated":true}]}}