{"id":249,"date":"2015-10-29T15:26:33","date_gmt":"2015-10-29T14:26:33","guid":{"rendered":"http:\/\/osiiims.splet.arnes.si\/?page_id=249"},"modified":"2016-09-12T20:03:06","modified_gmt":"2016-09-12T18:03:06","slug":"subvenicioniranje-sole-v-naravi","status":"publish","type":"page","link":"https:\/\/osiiims.splet.arnes.si\/?page_id=249","title":{"rendered":"Subvenicioniranje \u0161ole v naravi"},"content":{"rendered":"<pre style=\"text-align: center\"><span style=\"color: #ff0000\"><strong>Pomembnej\u0161i poudarki iz Pravilnika o dolo\u010ditvi kriterijev in postopku za uveljavljanje dodelitve sredstev u\u010dencem za \r\nsubvencioniranje \u0161ole v naravi<\/strong><\/span><\/pre>\n<p>&#8211; \u0160ola v naravi je organizirana oblika vzgojno-izobra\u017eevalnega dela, ki sodi v raz\u0161irjeni program osnovne \u0161ole in poteka strnjeno ve\u010d dni v \u010dasu pouka ter se izvaja izven prostora \u0161ole.<\/p>\n<p>&#8211; Sredstva za sofinanciranje \u0161ole v naravi se zagotavljajo iz dr\u017eavnega prora\u010duna eni generaciji u\u010dencev letno. Isti generaciji se zagotavljajo tudi sredstva za subvencioniranje za u\u010dence, ki zaradi socialnega polo\u017eaja ne zmorejo v celoti pla\u010dati prispevka za \u0161olo v naravi.<\/p>\n<p>&#8211; \u0160ola je dol\u017ena star\u0161e seznaniti z mo\u017enostjo subvencioniranja \u0161ole v naravi najmanj tri mesece pred izvedbo \u0161ole v naravi.<\/p>\n<p>&#8211; Star\u0161i lahko uveljavljajo pravico do subvencioniranja \u0161ole v naravi prostovoljno na \u0161oli tako, da pri svetovalni slu\u017ebi dvignejo vlogo ter jo izpolnjeno in z zahtevanimi prilogami vrnejo do na vlogi navedenega roka.<\/p>\n<p>&#8211; O upravi\u010denosti u\u010denca do subvencionirane \u0161ole v naravi se odlo\u010da v skladu s 60.a, 60.b in 60.c \u010dlenom Zakona o osnovni \u0161oli.<\/p>\n<p>&#8211; Na podlagi podrobnej\u0161ih kriterijev se lahko \u0161ola v naravi subvencionira delno, in sicer v vi\u0161ini 1\/3 oziroma 1\/2 polne cene, v izjemnih primerih pa tudi v celoti.<\/p>\n<p>&#8211; O dodelitvi sredstev so star\u0161i seznanjeni pisno.<\/p>\n","protected":false},"excerpt":{"rendered":"<p>Pomembnej\u0161i poudarki iz Pravilnika o dolo\u010ditvi kriterijev in postopku za uveljavljanje dodelitve sredstev u\u010dencem za subvencioniranje \u0161ole v naravi &#8211; \u0160ola v naravi je organizirana oblika vzgojno-izobra\u017eevalnega dela, ki sodi [&hellip;]<\/p>\n","protected":false},"author":6834,"featured_media":0,"parent":0,"menu_order":0,"comment_status":"closed","ping_status":"closed","template":"","meta":{"ngg_post_thumbnail":0,"footnotes":""},"class_list":["post-249","page","type-page","status-publish","hentry"],"_links":{"self":[{"href":"https:\/\/osiiims.splet.arnes.si\/index.php?rest_route=\/wp\/v2\/pages\/249","targetHints":{"allow":["GET"]}}],"collection":[{"href":"https:\/\/osiiims.splet.arnes.si\/index.php?rest_route=\/wp\/v2\/pages"}],"about":[{"href":"https:\/\/osiiims.splet.arnes.si\/index.php?rest_route=\/wp\/v2\/types\/page"}],"author":[{"embeddable":true,"href":"https:\/\/osiiims.splet.arnes.si\/index.php?rest_route=\/wp\/v2\/users\/6834"}],"replies":[{"embeddable":true,"href":"https:\/\/osiiims.splet.arnes.si\/index.php?rest_route=%2Fwp%2Fv2%2Fcomments&post=249"}],"version-history":[{"count":3,"href":"https:\/\/osiiims.splet.arnes.si\/index.php?rest_route=\/wp\/v2\/pages\/249\/revisions"}],"predecessor-version":[{"id":1261,"href":"https:\/\/osiiims.splet.arnes.si\/index.php?rest_route=\/wp\/v2\/pages\/249\/revisions\/1261"}],"wp:attachment":[{"href":"https:\/\/osiiims.splet.arnes.si\/index.php?rest_route=%2Fwp%2Fv2%2Fmedia&parent=249"}],"curies":[{"name":"wp","href":"https:\/\/api.w.org\/{rel}","templated":true}]}}