{"id":269,"date":"2015-10-29T15:53:35","date_gmt":"2015-10-29T14:53:35","guid":{"rendered":"http:\/\/osiiims.splet.arnes.si\/?page_id=269"},"modified":"2019-10-02T10:27:48","modified_gmt":"2019-10-02T08:27:48","slug":"bolnisnicni-oddelek","status":"publish","type":"page","link":"https:\/\/osiiims.splet.arnes.si\/?page_id=269","title":{"rendered":"Bolni\u0161ni\u010dni oddelek"},"content":{"rendered":"<div style=\"text-align: justify\">\n<p>V bolni\u0161ni\u010dni oddelek osnovne \u0161ole so vklju\u010deni otroci s kratkotrajnimi obolenji in boleznimi, dolgotrajno bolni otroci in te\u017eko bolni otroci. V tem oddelku se izvaja program osnovne \u0161ole. Delo poteka v manj\u0161i skupini, pogosto zaradi bolezni ali zdravljenja tudi individualno. Za vse u\u010dence so organizirane izobra\u017eevalne in vzgojne dejavnosti, ki so, po dogovoru z medicinskim osebjem, prilagojene psihofizi\u010dnim sposobnostim posameznega u\u010denca, naravi njegove bolezni in samemu zdravljenju. U\u010dne aktivnosti v bolni\u0161ni\u010dnem oddelku potekajo v sosledju s podajanjem u\u010dne snovi na mati\u010dni \u0161oli u\u010denca. Pri samem \u0161olskem delu in drugih aktivnostih ima pomembno vlogo motivacija, saj se bolni otroci zaradi strahu glede bolezni in poteka zdravljenja te\u017eje zberejo.<br \/>\nCilji bolni\u0161ni\u010dnega vzgojno-izobra\u017eevalnega dela so predvsem: prepre\u010devanje prekinitve \u0161olskega dela, osmisliti in obogatiti dneve v bolni\u0161nici, prepre\u010devati ob\u010dutek osamljenosti, tesnobe ter la\u017eje sprejemanje bolezni in bivanja v bolni\u0161nici. Pri tem imajo pomembno vlogo ustvarjalne dejavnosti, ki so sestavni del bolni\u0161ni\u010dnega zdravljenja. U\u010dno delo in druge aktivnosti potekajo v spodbudnem okolju, s poudarkom na otrokovi ustvarjalnosti, samostojnosti in pridobivanju pozitivne samopodobe. Pouk poteka v prostoru, ki je namenjen vzgojno-izobra\u017eevalnemu delu v bolni\u0161ni\u010dnem oddelku, velikokrat pa zaradi narave bolezni tudi ob bolni\u0161ki postelji.<br \/>\nPri delu z bolnim otrokom je nujna komunikacija med zdravnikom, medicinskim osebjem in bolni\u0161ni\u010dnim u\u010diteljem oz. strokovnim timom. \u0160e posebej je pomembno sodelovanje med bolni\u0161ni\u010dnim u\u010diteljem in star\u0161i. Bolni\u0161ni\u010dni u\u010ditelj jih seznani s cilji, na\u010dinom in obsegom bolni\u0161ni\u010dnega \u0161olskega dela ter sproti obve\u0161\u010da o sodelovanju njihovega otroka pri \u0161olskem delu.<br \/>\nNa ravni celotne dr\u017eave deluje tudi strokovni aktiv bolni\u0161ni\u010dnih u\u010diteljev Slovenije.<\/p>\n<p style=\"text-align: justify\">\n<p style=\"text-align: justify\">\n<\/div>\n<div style=\"text-align: center\"><a href=\"http:\/\/osiiims.splet.arnes.si\/files\/2015\/10\/bolnisnicni_oddelek.gif\"><img loading=\"lazy\" decoding=\"async\" class=\"aligncenter size-full wp-image-270\" src=\"http:\/\/osiiims.splet.arnes.si\/files\/2015\/10\/bolnisnicni_oddelek.gif\" alt=\"bolnisnicni_oddelek\" width=\"550\" height=\"572\" \/><\/a><\/div>\n","protected":false},"excerpt":{"rendered":"<p>V bolni\u0161ni\u010dni oddelek osnovne \u0161ole so vklju\u010deni otroci s kratkotrajnimi obolenji in boleznimi, dolgotrajno bolni otroci in te\u017eko bolni otroci. V tem oddelku se izvaja program osnovne \u0161ole. Delo poteka [&hellip;]<\/p>\n","protected":false},"author":6834,"featured_media":0,"parent":0,"menu_order":0,"comment_status":"closed","ping_status":"closed","template":"","meta":{"ngg_post_thumbnail":0,"footnotes":""},"class_list":["post-269","page","type-page","status-publish","hentry"],"_links":{"self":[{"href":"https:\/\/osiiims.splet.arnes.si\/index.php?rest_route=\/wp\/v2\/pages\/269","targetHints":{"allow":["GET"]}}],"collection":[{"href":"https:\/\/osiiims.splet.arnes.si\/index.php?rest_route=\/wp\/v2\/pages"}],"about":[{"href":"https:\/\/osiiims.splet.arnes.si\/index.php?rest_route=\/wp\/v2\/types\/page"}],"author":[{"embeddable":true,"href":"https:\/\/osiiims.splet.arnes.si\/index.php?rest_route=\/wp\/v2\/users\/6834"}],"replies":[{"embeddable":true,"href":"https:\/\/osiiims.splet.arnes.si\/index.php?rest_route=%2Fwp%2Fv2%2Fcomments&post=269"}],"version-history":[{"count":5,"href":"https:\/\/osiiims.splet.arnes.si\/index.php?rest_route=\/wp\/v2\/pages\/269\/revisions"}],"predecessor-version":[{"id":5935,"href":"https:\/\/osiiims.splet.arnes.si\/index.php?rest_route=\/wp\/v2\/pages\/269\/revisions\/5935"}],"wp:attachment":[{"href":"https:\/\/osiiims.splet.arnes.si\/index.php?rest_route=%2Fwp%2Fv2%2Fmedia&parent=269"}],"curies":[{"name":"wp","href":"https:\/\/api.w.org\/{rel}","templated":true}]}}