{"id":275,"date":"2015-10-29T15:57:11","date_gmt":"2015-10-29T14:57:11","guid":{"rendered":"http:\/\/osiiims.splet.arnes.si\/?page_id=275"},"modified":"2022-10-04T08:23:49","modified_gmt":"2022-10-04T06:23:49","slug":"otroski-parlament","status":"publish","type":"page","link":"https:\/\/osiiims.splet.arnes.si\/?page_id=275","title":{"rendered":"Otro\u0161ki parlament"},"content":{"rendered":"<p style=\"text-align: justify\">\u0160olski parlament sestavljajo u\u010denci, ki jih izvolijo posamezne oddel\u010dne skupnosti. Delo \u0161olskega parlamenta koordinira mentorica otro\u0161kega parlamenta Darja \u017di\u017eek. \u0160tevilo predstavnikov posamezne oddel\u010dne skupnosti se dolo\u010di glede na \u0161tevilo oddelkov v \u0161oli.<br \/>\nNamen otro\u0161kega parlamenta je, da u\u010denci javno spregovorijo o svojih vpra\u0161anjih, ki so pomembna v okolju, kjer \u017eivijo, se \u0161olajo, pre\u017eivljajo prosti \u010das. Pri tem u\u010denci pri\u010dakujejo pozornost in sodelovanje \u0161ole, lokalnih ter vladnih in nevladnih organizacij pri uresni\u010devanju njihovih pobud. Otro\u0161ki parlament deluje na \u0161olski, ob\u010dinski in nacionalni ravni. Vsako leto u\u010denci na nacionalnem parlamentu izberejo temo za naslednje \u0161olsko leto. Leto\u0161nja tema se nadaljuje iz lanskega leta in ima naslov <strong>DU\u0160EVNO ZDRAVJE OTROK IN MLADIH<\/strong>.<\/p>\n","protected":false},"excerpt":{"rendered":"<p>\u0160olski parlament sestavljajo u\u010denci, ki jih izvolijo posamezne oddel\u010dne skupnosti. Delo \u0161olskega parlamenta koordinira mentorica otro\u0161kega parlamenta Darja \u017di\u017eek. \u0160tevilo predstavnikov posamezne oddel\u010dne skupnosti se dolo\u010di glede na \u0161tevilo oddelkov [&hellip;]<\/p>\n","protected":false},"author":6834,"featured_media":0,"parent":0,"menu_order":0,"comment_status":"closed","ping_status":"closed","template":"","meta":{"ngg_post_thumbnail":0,"footnotes":""},"class_list":["post-275","page","type-page","status-publish","hentry"],"_links":{"self":[{"href":"https:\/\/osiiims.splet.arnes.si\/index.php?rest_route=\/wp\/v2\/pages\/275","targetHints":{"allow":["GET"]}}],"collection":[{"href":"https:\/\/osiiims.splet.arnes.si\/index.php?rest_route=\/wp\/v2\/pages"}],"about":[{"href":"https:\/\/osiiims.splet.arnes.si\/index.php?rest_route=\/wp\/v2\/types\/page"}],"author":[{"embeddable":true,"href":"https:\/\/osiiims.splet.arnes.si\/index.php?rest_route=\/wp\/v2\/users\/6834"}],"replies":[{"embeddable":true,"href":"https:\/\/osiiims.splet.arnes.si\/index.php?rest_route=%2Fwp%2Fv2%2Fcomments&post=275"}],"version-history":[{"count":9,"href":"https:\/\/osiiims.splet.arnes.si\/index.php?rest_route=\/wp\/v2\/pages\/275\/revisions"}],"predecessor-version":[{"id":12610,"href":"https:\/\/osiiims.splet.arnes.si\/index.php?rest_route=\/wp\/v2\/pages\/275\/revisions\/12610"}],"wp:attachment":[{"href":"https:\/\/osiiims.splet.arnes.si\/index.php?rest_route=%2Fwp%2Fv2%2Fmedia&parent=275"}],"curies":[{"name":"wp","href":"https:\/\/api.w.org\/{rel}","templated":true}]}}