{"id":278,"date":"2015-10-29T16:02:22","date_gmt":"2015-10-29T15:02:22","guid":{"rendered":"http:\/\/osiiims.splet.arnes.si\/?page_id=278"},"modified":"2024-09-04T12:33:59","modified_gmt":"2024-09-04T10:33:59","slug":"govorilne-ure-1516","status":"publish","type":"page","link":"https:\/\/osiiims.splet.arnes.si\/?page_id=278","title":{"rendered":"Govorilne ure"},"content":{"rendered":"<p style=\"margin: 0cm 20.8pt 1.6pt -0.25pt;text-align: left;line-height: 104%\"><span style=\"color: #ffffff\">_<\/span><\/p>\n<p style=\"margin: 0cm 20.8pt 1.6pt -0.25pt;text-align: left;line-height: 104%\"><a href=\"https:\/\/osiiims.splet.arnes.si\/files\/2024\/09\/Govorilne-ure-2024-25_skupne.pdf\">Govorilne ure v \u0161olskem letu 2024\/25<\/a><\/p>\n<p style=\"margin: 0cm 20.8pt 1.6pt -0.25pt;text-align: left;line-height: 104%\"><span style=\"color: #ffffff\">_<\/span><\/p>\n<p style=\"margin: 0cm 20.8pt 1.6pt -0.25pt;text-align: left;line-height: 104%\">Razpored u\u010diteljev po u\u010dilnicah &#8211; mese\u010dne govorilne ure<\/p>\n<p style=\"margin: 0cm 20.8pt 1.6pt -0.25pt;text-align: left;line-height: 104%\"><span style=\"color: #ffffff\">_<\/span><\/p>\n<p style=\"margin: 0cm 20.8pt 1.6pt -0.25pt;text-align: left;line-height: 104%\"><a href=\"https:\/\/osiiims.splet.arnes.si\/files\/2024\/09\/Govorilne-ure-strokovnih-delavcev-1.-ocenjevalno-obdobje-1.pdf\">Tedenske pogovorne ure strokovnih delavcev<\/a><\/p>\n<p style=\"margin: 0cm 20.8pt 1.6pt -0.25pt;text-align: left;line-height: 104%\">.<\/p>\n<p style=\"margin: 0cm 20.8pt 1.6pt -0.25pt;text-align: left;line-height: 104%\">&nbsp;<\/p>\n","protected":false},"excerpt":{"rendered":"<p>_ Govorilne ure v \u0161olskem letu 2024\/25 _ Razpored u\u010diteljev po u\u010dilnicah &#8211; mese\u010dne govorilne ure _ Tedenske pogovorne ure strokovnih delavcev . &nbsp;<\/p>\n","protected":false},"author":6834,"featured_media":0,"parent":0,"menu_order":0,"comment_status":"closed","ping_status":"closed","template":"","meta":{"ngg_post_thumbnail":0,"footnotes":""},"class_list":["post-278","page","type-page","status-publish","hentry"],"_links":{"self":[{"href":"https:\/\/osiiims.splet.arnes.si\/index.php?rest_route=\/wp\/v2\/pages\/278","targetHints":{"allow":["GET"]}}],"collection":[{"href":"https:\/\/osiiims.splet.arnes.si\/index.php?rest_route=\/wp\/v2\/pages"}],"about":[{"href":"https:\/\/osiiims.splet.arnes.si\/index.php?rest_route=\/wp\/v2\/types\/page"}],"author":[{"embeddable":true,"href":"https:\/\/osiiims.splet.arnes.si\/index.php?rest_route=\/wp\/v2\/users\/6834"}],"replies":[{"embeddable":true,"href":"https:\/\/osiiims.splet.arnes.si\/index.php?rest_route=%2Fwp%2Fv2%2Fcomments&post=278"}],"version-history":[{"count":15,"href":"https:\/\/osiiims.splet.arnes.si\/index.php?rest_route=\/wp\/v2\/pages\/278\/revisions"}],"predecessor-version":[{"id":19593,"href":"https:\/\/osiiims.splet.arnes.si\/index.php?rest_route=\/wp\/v2\/pages\/278\/revisions\/19593"}],"wp:attachment":[{"href":"https:\/\/osiiims.splet.arnes.si\/index.php?rest_route=%2Fwp%2Fv2%2Fmedia&parent=278"}],"curies":[{"name":"wp","href":"https:\/\/api.w.org\/{rel}","templated":true}]}}