{"id":353,"date":"2015-11-02T18:16:50","date_gmt":"2015-11-02T17:16:50","guid":{"rendered":"http:\/\/osiiims.splet.arnes.si\/?page_id=353"},"modified":"2022-10-27T10:23:26","modified_gmt":"2022-10-27T08:23:26","slug":"prehrana","status":"publish","type":"page","link":"https:\/\/osiiims.splet.arnes.si\/?page_id=353","title":{"rendered":"Prehrana"},"content":{"rendered":"<div class=\"item-page\" style=\"text-align: justify\">\n<p>\u0160ola pripravlja malice za vse u\u010dence in kosila za tiste, ki se nanj naro\u010dijo, prav tako nudimo tudi popoldansko malico.<br \/>\nStro\u0161ke \u0161olske prehrane pla\u010dajo star\u0161i preko polo\u017enic oz. trajnega naloga.<br \/>\nV primeru odsotnosti u\u010denca lahko star\u0161i prehrano do 8.00 odjavijo v tajni\u0161tvu, kjer se napi\u0161e uradni zaznamek in opravi vnos v Lopolis ali pa star\u0161i sami odjavijo obroke preko portala <a href=\"https:\/\/www.lopolis.si\/\">LoPolis<\/a>.<br \/>\nU\u010dencu, ki je odsoten od pouka zaradi udele\u017ebe oz. sodelovanja pri dejavnostih, ki jih organizira \u0161ola, pravo\u010dasno odjavi \u0161olsko prehrano u\u010ditelj, ki organizira dejavnost. Za primere \u0161ole v naravi in naravoslovne tedne odjavi \u0161olsko prehrano pomo\u010dnik ravnatelja.<\/p>\n<p>Cena \u0161olske prehrane:<\/p>\n<p>Malica: 0,90 EUR<\/p>\n<p>Kosilo: 1. &#8211; 4. r.: 2,65 EUR,<\/p>\n<p>.&nbsp;&nbsp;&nbsp;&nbsp;&nbsp;&nbsp;&nbsp;&nbsp;&nbsp;&nbsp;&nbsp; 5. &#8211; 9. r.: 2,95 EUR<\/p>\n<p>Popoldanska malica: 0,90 EUR (0,50 EUR od 1. do 4. razreda).<\/p>\n<p>&nbsp;<\/p>\n<p>SUBVENCIONIRANJE \u0160OLSKE PREHRANE<\/p>\n<p>Do<strong>&nbsp;subvencije za malico<\/strong>&nbsp;oz. do brezpla\u010dne malice so upravi\u010deni u\u010denci iz dru\u017ein, v katerih povpre\u010dni mese\u010dni dohodek na osebo, ugotovljen v&nbsp;<strong>odlo\u010dbi o otro\u0161kem dodatku<\/strong>, ne presega <strong>53 % neto<\/strong> povpre\u010dne pla\u010de v RS. <strong>Subvencija kosila <\/strong>oz. brezpla\u010dno kosilo pa pripada u\u010dencem, pri katerih povpre\u010dni mese\u010dni dohodek na osebo, ugotovljen v <strong>odlo\u010dbi o otro\u0161kem dodatku<\/strong>, ne presega <strong>36 %<\/strong> neto povpre\u010dne pla\u010de v Republiki Sloveniji.<br \/>\nVloge za uveljavljanje subvencije malice in kosila na centru za socialno delo ni potrebno oddajati, saj bodo vzgojno-izobra\u017eevalni zavodi upo\u0161tevali uvrstitev v dohodkovni razred na osnovni podatkov o povpre\u010dnem mese\u010dnem dohodku na osebo, ugotovljenem v veljavni odlo\u010dbi o otro\u0161kem dodatku.<\/p>\n<p style=\"text-align: justify\">&nbsp;<\/p>\n<\/div>\n<div class=\"item-page\">\n<div><a href=\"http:\/\/osiiims.splet.arnes.si\/files\/2015\/11\/PRILOGA-ZA-ALERGENE.pdf\">Priloge za alergene<\/a><\/div>\n<\/div>\n","protected":false},"excerpt":{"rendered":"<p>\u0160ola pripravlja malice za vse u\u010dence in kosila za tiste, ki se nanj naro\u010dijo, prav tako nudimo tudi popoldansko malico. Stro\u0161ke \u0161olske prehrane pla\u010dajo star\u0161i preko polo\u017enic oz. trajnega naloga. [&hellip;]<\/p>\n","protected":false},"author":6834,"featured_media":0,"parent":0,"menu_order":0,"comment_status":"closed","ping_status":"closed","template":"","meta":{"ngg_post_thumbnail":0,"footnotes":""},"class_list":["post-353","page","type-page","status-publish","hentry"],"_links":{"self":[{"href":"https:\/\/osiiims.splet.arnes.si\/index.php?rest_route=\/wp\/v2\/pages\/353","targetHints":{"allow":["GET"]}}],"collection":[{"href":"https:\/\/osiiims.splet.arnes.si\/index.php?rest_route=\/wp\/v2\/pages"}],"about":[{"href":"https:\/\/osiiims.splet.arnes.si\/index.php?rest_route=\/wp\/v2\/types\/page"}],"author":[{"embeddable":true,"href":"https:\/\/osiiims.splet.arnes.si\/index.php?rest_route=\/wp\/v2\/users\/6834"}],"replies":[{"embeddable":true,"href":"https:\/\/osiiims.splet.arnes.si\/index.php?rest_route=%2Fwp%2Fv2%2Fcomments&post=353"}],"version-history":[{"count":17,"href":"https:\/\/osiiims.splet.arnes.si\/index.php?rest_route=\/wp\/v2\/pages\/353\/revisions"}],"predecessor-version":[{"id":12912,"href":"https:\/\/osiiims.splet.arnes.si\/index.php?rest_route=\/wp\/v2\/pages\/353\/revisions\/12912"}],"wp:attachment":[{"href":"https:\/\/osiiims.splet.arnes.si\/index.php?rest_route=%2Fwp%2Fv2%2Fmedia&parent=353"}],"curies":[{"name":"wp","href":"https:\/\/api.w.org\/{rel}","templated":true}]}}