{"id":367,"date":"2015-11-02T18:33:05","date_gmt":"2015-11-02T17:33:05","guid":{"rendered":"http:\/\/osiiims.splet.arnes.si\/?page_id=367"},"modified":"2015-11-02T19:20:31","modified_gmt":"2015-11-02T18:20:31","slug":"knjiznica","status":"publish","type":"page","link":"https:\/\/osiiims.splet.arnes.si\/?page_id=367","title":{"rendered":"Knji\u017enica"},"content":{"rendered":"<div><strong>KNJI\u017dNICA OSNOVNE \u0160OLE III MURSKA SOBOTA<br \/>\n<\/strong><\/div>\n<p>\u0160olska knji\u017enica, informacijsko in kulturno sredi\u0161\u010de \u0161ole, ima za temeljni cilj izobra\u017eevanja u\u010dencev v knji\u017enici informacijsko pismenost, ki pa se lahko uresni\u010duje ob povezavi razli\u010dnih predmetnih podro\u010dij, s posebnim poudarkom na vzgoji za knjigo, z motivacijo za branje in estetsko do\u017eivljanje. U\u010denci v knji\u017enici pridobijo znanje, spretnosti in navade za vse\u017eivljenjsko u\u010denje.<br \/>\nNa\u0161a knji\u017enica se nahaja v mansardi prizidka na ok. 90 m2 povr\u0161ine. Namenjena je u\u010dencem in delavcem \u0161ole, radi pa jo obi\u0161\u010dejo tudi star\u0161i na\u0161ih u\u010dencev in biv\u0161i u\u010denci \u0161ole. Poleg leposlovja\u00a0 ponuja tudi strokovno gradivo za u\u010dence in u\u010ditelje in neknji\u017eno gradivo. Urejena je po na\u010delu prostega pristopa.<\/p>\n<p><a href=\"http:\/\/osiiims.splet.arnes.si\/files\/2015\/11\/knj1_1.jpg\"><img loading=\"lazy\" decoding=\"async\" class=\"aligncenter wp-image-368 size-full\" src=\"http:\/\/osiiims.splet.arnes.si\/files\/2015\/11\/knj1_1.jpg\" alt=\"\" width=\"640\" height=\"460\" srcset=\"https:\/\/osiiims.splet.arnes.si\/files\/2015\/11\/knj1_1.jpg 640w, https:\/\/osiiims.splet.arnes.si\/files\/2015\/11\/knj1_1-300x216.jpg 300w, https:\/\/osiiims.splet.arnes.si\/files\/2015\/11\/knj1_1-77x55.jpg 77w\" sizes=\"auto, (max-width: 640px) 100vw, 640px\" \/><\/a><\/p>\n<div><strong>Leposlovno gradivo je razvr\u0161\u010deno po starostnih stopnjah:<\/strong><\/div>\n<div><strong>C\u00a0<\/strong>\u00a0\u00a0 cicibani (1. \u2013 3. razred) \/ rde\u010di trakovi<br \/>\n<strong>P\u00a0<\/strong>\u00a0\u00a0 pionirji (4. \u2013 6. razred) \/ modri trakovi<br \/>\n<strong>M\u00a0<\/strong> mladinci (7. \u2013 9. razred) \/ oran\u017eni trakovi<br \/>\n<strong>L\u00a0<\/strong>\u00a0\u00a0 ljudsko slovstvo \/ vijoli\u010dni trakovi<\/p>\n<p><strong>Strokovno gradivo za u\u010dence in u\u010ditelje je urejeno po sistemu UDK:<\/strong><\/div>\n<div>0\u00a0\u00a0 Splo\u0161no\u00a0 (enciklopedije, priro\u010dniki, leksikoni\u2026)<br \/>\n1\u00a0\u00a0 \u00a0Filozofija. Psihologija. Etika.<br \/>\n2\u00a0\u00a0 \u00a0Verstva. Teologija.<br \/>\n3\u00a0\u00a0 \u00a0Dru\u017ebene vede.<br \/>\n4<br \/>\n5\u00a0\u00a0 \u00a0Matematika. Prirodoslovne vede.<br \/>\n6\u00a0\u00a0 \u00a0Uporabne vede. Medicina. Tehnika.<br \/>\n7\u00a0\u00a0 \u00a0Umetnost. Arhitektura. Fotografija. Glasba. Razvedrilo. \u0160port.<br \/>\n8\u00a0\u00a0 \u00a0Jeziki. Jezikoslovje. Knji\u017eevnost.<br \/>\n9\u00a0\u00a0 \u00a0Domoznanstvo. Geografija. Zgodovina<\/div>\n<div>Velik del gradiva za u\u010ditelje se nahaja v u\u010dilnicah, ker je tako la\u017eje dostopno, nekaj pa ga je v knji\u017enici.<br \/>\nKnji\u017enica pri svojem delu uporablja program WinKnj (Mordicom d.o.o. iz Solkana), je pa tudi pridru\u017eena \u010dlanica Cobissa.<br \/>\nV knji\u017enici je zaposlena vi\u0161ja knji\u017eni\u010darka in PRU sloven\u0161\u010dine Zlatka Horvat.<\/div>\n<p><a href=\"http:\/\/osiiims.splet.arnes.si\/files\/2015\/11\/knj2_1.jpg\"><img loading=\"lazy\" decoding=\"async\" class=\"aligncenter wp-image-369 size-full\" src=\"http:\/\/osiiims.splet.arnes.si\/files\/2015\/11\/knj2_1.jpg\" alt=\"\" width=\"640\" height=\"460\" srcset=\"https:\/\/osiiims.splet.arnes.si\/files\/2015\/11\/knj2_1.jpg 640w, https:\/\/osiiims.splet.arnes.si\/files\/2015\/11\/knj2_1-300x216.jpg 300w, https:\/\/osiiims.splet.arnes.si\/files\/2015\/11\/knj2_1-77x55.jpg 77w\" sizes=\"auto, (max-width: 640px) 100vw, 640px\" \/><\/a><\/p>\n<div><strong>KNJI\u017dNI\u010cNI RED<\/strong><\/div>\n<div><\/div>\n<div><strong>\u010clanstvo,\u00a0 izposoja<\/strong><\/div>\n<p>&#8211; \u010clani \u0161olske knji\u017enice so vsi u\u010denci, u\u010ditelji in ostali delavci \u0161ole, po dogovoru pa tudi star\u0161i in biv\u0161i u\u010denci na\u0161e \u0161ole.<br \/>\n&#8211; \u010clanarine ni.<br \/>\n&#8211; U\u010denci dobijo ob prvem obisku knji\u017enice izkaznico, s katero si izposojajo knji\u017eni\u010dno gradivo. Izkaznica ni prenosljiva in velja za vsa leta \u0161olanja na na\u0161i \u0161oli.<br \/>\n&#8211; Knji\u017enica je za izposojo odprta po urniku, objavljenem na spletni strani na\u0161e knji\u017enice in na vratih same knji\u017enice.<br \/>\n&#8211; Rok za vra\u010dilo izposojenega gradiva je 21 dni, za knjige doma\u010dega branja, angle\u0161ke in nem\u0161ke bralne zna\u010dke pa 14 dni.<br \/>\n&#8211; U\u010denec si lahko podalj\u0161a izposojeno knjigo \u0161e za 7 dni, razen knjig za doma\u010de branje in za angle\u0161ko oz. nem\u0161ko bralno zna\u010dko.<br \/>\n&#8211; Referen\u010dno gradivo (leksikoni, slovarji, posamezne enciklopedije, \u2026revije, \u010dasopisi) je uporabnikom knji\u017enice na voljo le v knji\u017enici in se ne izposoja na dom.<br \/>\n&#8211; Ob koncu \u0161olskega leta morajo u\u010denci vse izposojeno gradivo vrniti v knji\u017enico.<br \/>\n&#8211; S knji\u017eni\u010dnim gradivom uporabniki ravnajo skrbno. Po\u0161kodovano ali izgubljeno knji\u017eno gradivo nadomesti uporabnik z novim, po vsebini\u00a0 enakovrednim gradivom \u2013 v dogovoru s knji\u017eni\u010darko.<\/p>\n<p><a href=\"http:\/\/osiiims.splet.arnes.si\/files\/2015\/11\/knj3.jpg\"><img loading=\"lazy\" decoding=\"async\" class=\"aligncenter wp-image-370\" src=\"http:\/\/osiiims.splet.arnes.si\/files\/2015\/11\/knj3.jpg\" alt=\"\" width=\"640\" height=\"480\" \/><\/a><\/p>\n<div><strong><\/strong><strong>Obna\u0161anje v knji\u017enici<\/p>\n<p><\/strong><\/div>\n<div>&#8211;\u00a0\u00a0 \u00a0Vstop v \u0161olsko knji\u017enico s hrano in pija\u010do ni dovoljen.<br \/>\n&#8211;\u00a0\u00a0 \u00a0V knji\u017enici ni dovoljena uporaba mobilnih telefonov in razli\u010dnih predvajalnikov glasbe.<br \/>\n&#8211;\u00a0\u00a0 \u00a0V knji\u017enici ne tekamo, se ne skrivamo, ne vpijemo \u2013 obna\u0161amo se tako, da ne motimo drugih.<br \/>\n&#8211;\u00a0\u00a0 \u00a0To je prostor, kjer u\u010denci lahko prebirajo razli\u010dno knji\u017eni\u010dno gradivo, se u\u010dijo, pi\u0161ejo naloge, se pripravljajo na pouk, se tiho pogovarjajo s prijatelji\u00a0 in najdejo svoj mir.<\/div>\n","protected":false},"excerpt":{"rendered":"<p>KNJI\u017dNICA OSNOVNE \u0160OLE III MURSKA SOBOTA \u0160olska knji\u017enica, informacijsko in kulturno sredi\u0161\u010de \u0161ole, ima za temeljni cilj izobra\u017eevanja u\u010dencev v knji\u017enici informacijsko pismenost, ki pa se lahko uresni\u010duje ob povezavi [&hellip;]<\/p>\n","protected":false},"author":6834,"featured_media":0,"parent":0,"menu_order":0,"comment_status":"closed","ping_status":"closed","template":"","meta":{"ngg_post_thumbnail":0,"footnotes":""},"class_list":["post-367","page","type-page","status-publish","hentry"],"_links":{"self":[{"href":"https:\/\/osiiims.splet.arnes.si\/index.php?rest_route=\/wp\/v2\/pages\/367","targetHints":{"allow":["GET"]}}],"collection":[{"href":"https:\/\/osiiims.splet.arnes.si\/index.php?rest_route=\/wp\/v2\/pages"}],"about":[{"href":"https:\/\/osiiims.splet.arnes.si\/index.php?rest_route=\/wp\/v2\/types\/page"}],"author":[{"embeddable":true,"href":"https:\/\/osiiims.splet.arnes.si\/index.php?rest_route=\/wp\/v2\/users\/6834"}],"replies":[{"embeddable":true,"href":"https:\/\/osiiims.splet.arnes.si\/index.php?rest_route=%2Fwp%2Fv2%2Fcomments&post=367"}],"version-history":[{"count":3,"href":"https:\/\/osiiims.splet.arnes.si\/index.php?rest_route=\/wp\/v2\/pages\/367\/revisions"}],"predecessor-version":[{"id":404,"href":"https:\/\/osiiims.splet.arnes.si\/index.php?rest_route=\/wp\/v2\/pages\/367\/revisions\/404"}],"wp:attachment":[{"href":"https:\/\/osiiims.splet.arnes.si\/index.php?rest_route=%2Fwp%2Fv2%2Fmedia&parent=367"}],"curies":[{"name":"wp","href":"https:\/\/api.w.org\/{rel}","templated":true}]}}