{"id":373,"date":"2015-11-02T18:39:06","date_gmt":"2015-11-02T17:39:06","guid":{"rendered":"http:\/\/osiiims.splet.arnes.si\/?page_id=373"},"modified":"2022-09-12T12:09:31","modified_gmt":"2022-09-12T10:09:31","slug":"izposoja","status":"publish","type":"page","link":"https:\/\/osiiims.splet.arnes.si\/?page_id=373","title":{"rendered":"Izposoja"},"content":{"rendered":"<div style=\"text-align: left\">&nbsp;<\/div>\n<div style=\"text-align: right\"><b>\u010ce ne bomo brali, <i>nas bo pobralo<\/i><\/b><i>.<\/i><\/div>\n<div style=\"text-align: right\"><i>Tone Pav\u010dek<\/i><\/div>\n<div>&nbsp;<\/div>\n<div><b>Delovni \u010das:<\/b> vsak delovnik po \u0161olskem koledarju od 7.30 do 14.30.<\/div>\n<div><b>Izposoja na dom:<\/b><\/div>\n<div>U\u010denci od 6. do 9. razreda od ponedeljka do petka v \u010dasu, ki je namenjen individualni izposoji:<\/div>\n<div>&#8211; od 8.00 \u2013 do 10.00<\/div>\n<div>&#8211; od 11.00 \u2013 do 14.00<\/div>\n<div>&nbsp;<\/div>\n<p style=\"text-align: left\"><span style=\"color: #ff0000\"><strong>URNIK IZPOSOJE ZA RAZREDNO STOPNJO<\/strong><\/span><\/p>\n<table style=\"border-color: #000000;height: 255px\" width=\"713\" border=\"2\">\n<tbody>\n<tr style=\"border-color: #000000\">\n<td style=\"border-color: #000000;width: 141px\" width=\"141\"><em>ura<\/em><\/td>\n<td style=\"border-color: #000000;width: 141px;text-align: center\" width=\"137\"><em>ponedeljek<\/em><\/td>\n<td style=\"border-color: #000000;width: 141px;text-align: center\" width=\"105\"><em>torek<\/em><\/td>\n<td style=\"border-color: #000000;width: 141px;text-align: center\" width=\"113\"><em>sreda<\/em><\/td>\n<td style=\"border-color: #000000;width: 141px;text-align: center\" width=\"103\"><em>\u010detrtek<\/em><\/td>\n<td style=\"border-color: #000000;width: 141px;text-align: center\" width=\"109\"><em>petek<\/em><\/td>\n<\/tr>\n<tr>\n<td style=\"border-color: #000000;width: 141px\" width=\"141\"><strong>1.<\/strong><\/td>\n<td style=\"border-color: #000000;width: 141px;text-align: center\" width=\"137\"><strong>&#8212;&#8212;&#8212;-<\/strong><\/td>\n<td style=\"border-color: #000000;width: 141px;text-align: center\" width=\"105\"><span style=\"color: #339966\"><strong>3.a<\/strong><\/span><\/td>\n<td style=\"border-color: #000000;width: 141px;text-align: center\" width=\"113\"><span style=\"color: #339966\"><strong> 2. a<\/strong><\/span><\/td>\n<td style=\"border-color: #000000;width: 141px;text-align: center\" width=\"103\">&nbsp;<\/td>\n<td style=\"border-color: #000000;width: 141px;text-align: center\" width=\"109\"><span style=\"color: #339966\"><strong>1. a&nbsp;<\/strong><\/span><\/td>\n<\/tr>\n<tr>\n<td style=\"border-color: #000000;width: 141px\" width=\"141\"><strong>2.<\/strong><\/td>\n<td style=\"border-color: #000000;width: 141px;text-align: center\" width=\"137\"><strong> &nbsp;&nbsp;<span style=\"color: #339966\">5. c<\/span><\/strong><\/td>\n<td style=\"border-color: #000000;width: 141px;text-align: center\" width=\"105\">&nbsp;<\/td>\n<td style=\"border-color: #000000;width: 141px;text-align: center\" width=\"113\"><span style=\"color: #339966\"><strong>1.b&nbsp;<\/strong><\/span><\/td>\n<td style=\"border-color: #000000;width: 141px;text-align: center\" width=\"103\"><span style=\"color: #339966\"><strong>3.b&nbsp;<\/strong><\/span><\/td>\n<td style=\"border-color: #000000;width: 141px;text-align: center\" width=\"109\"><span style=\"color: #339966\"><strong>4.a<\/strong><\/span><\/td>\n<\/tr>\n<tr>\n<td style=\"border-color: #000000;width: 141px\" width=\"141\"><strong>3.<\/strong><\/td>\n<td style=\"border-color: #000000;width: 141px;text-align: center\" width=\"137\"><strong>&#8212;&#8212;&#8212;-<\/strong><\/td>\n<td style=\"border-color: #000000;width: 141px;text-align: center\" width=\"105\"><strong>&#8212;&#8212;&#8212;&#8211;<\/strong><\/td>\n<td style=\"border-color: #000000;width: 141px;text-align: center\" width=\"113\"><strong>&#8212;&#8212;&#8212;&#8212;<\/strong><\/td>\n<td style=\"border-color: #000000;width: 141px;text-align: center\" width=\"103\"><strong>&#8212;&#8212;&#8212;<\/strong><\/td>\n<td style=\"border-color: #000000;width: 141px;text-align: center\" width=\"109\"><strong>&#8212;&#8212;&#8212;&#8211;<\/strong><\/td>\n<\/tr>\n<tr>\n<td style=\"border-color: #000000;width: 141px\" width=\"141\"><strong>4. <\/strong><\/td>\n<td style=\"border-color: #000000;width: 141px;text-align: center\" width=\"137\">&nbsp;<\/td>\n<td style=\"border-color: #000000;width: 141px;text-align: center\" width=\"105\"><strong><span style=\"color: #339966\">4. b<\/span><\/strong><\/td>\n<td style=\"border-color: #000000;width: 141px;text-align: center\" width=\"113\">&nbsp;<\/td>\n<td style=\"border-color: #000000;width: 141px;text-align: center\" width=\"103\"><span style=\"color: #339966\"><strong> &nbsp;2.b<\/strong><\/span><\/td>\n<td style=\"border-color: #000000;width: 141px;text-align: center\" width=\"109\"><span style=\"color: #339966\"><strong>&nbsp;<\/strong><\/span><\/td>\n<\/tr>\n<tr>\n<td style=\"border-color: #000000;width: 141px\" width=\"141\"><strong>5.<\/strong><\/td>\n<td style=\"border-color: #000000;width: 141px\" width=\"137\">&nbsp;<\/td>\n<td style=\"border-color: #000000;width: 141px;text-align: center\" width=\"105\">&nbsp;<\/td>\n<td style=\"border-color: #000000;width: 141px;text-align: center\" width=\"113\"><span style=\"color: #339966\"><strong> 5.b<\/strong><\/span><\/td>\n<td style=\"border-color: #000000;width: 141px;text-align: center\" width=\"103\"><span style=\"color: #339966\"><strong> 5.a<\/strong><\/span><\/td>\n<td style=\"border-color: #000000;width: 141px;text-align: center\" width=\"109\"><span style=\"color: #339966\"><strong>&nbsp;<\/strong><\/span><\/td>\n<\/tr>\n<tr>\n<td style=\"border-color: #000000;width: 141px\" width=\"141\"><strong>rekreativni odmor<\/strong><\/td>\n<td style=\"border-color: #000000;width: 141px\" width=\"137\"><strong>&nbsp;<\/strong><\/td>\n<td style=\"border-color: #000000;width: 141px\" width=\"105\"><strong>&nbsp;<\/strong><\/td>\n<td style=\"border-color: #000000;width: 141px;text-align: center\" width=\"113\">&nbsp;<\/td>\n<td style=\"border-color: #000000;width: 141px\" width=\"103\"><strong>&nbsp;<\/strong><\/td>\n<td style=\"border-color: #000000;width: 141px\" width=\"109\">\n<p style=\"text-align: center\"><strong>&nbsp;<\/strong><\/p>\n<\/td>\n<\/tr>\n<tr>\n<td width=\"141\"><strong>6.<\/strong><\/td>\n<td width=\"137\"><strong>&nbsp;<\/strong><\/td>\n<td width=\"105\"><strong>&nbsp;<\/strong><\/td>\n<td style=\"text-align: center\" width=\"113\"><strong><span style=\"color: #339966\">&nbsp;<\/span><\/strong><\/td>\n<td style=\"text-align: center\" width=\"103\">&nbsp;<\/td>\n<td width=\"109\"><strong>&nbsp;<\/strong><\/td>\n<\/tr>\n<\/tbody>\n<\/table>\n<p><em>Ostali u\u010denci si lahko izposojate gradivo v knji\u017enici vsak dan v \u010dasu,ki je dolo\u010den za izposojo (<strong>od 8. \u2013 10. ure in od 11. \u2013 13.30<\/strong>), pred ali po pouku, lahko tudi v odmoru po opravljenem kosilu.<\/em><\/p>\n<p><em>&nbsp;<\/em><\/p>\n<p style=\"text-align: right\"><i>Knji\u017eni\u010darka Zlatka Horvat<\/i><\/p>\n<p style=\"text-align: right\">&nbsp;<\/p>\n","protected":false},"excerpt":{"rendered":"<p>&nbsp; \u010ce ne bomo brali, nas bo pobralo. Tone Pav\u010dek &nbsp; Delovni \u010das: vsak delovnik po \u0161olskem koledarju od 7.30 do 14.30. Izposoja na dom: U\u010denci od 6. do 9. [&hellip;]<\/p>\n","protected":false},"author":6834,"featured_media":0,"parent":0,"menu_order":0,"comment_status":"closed","ping_status":"closed","template":"","meta":{"ngg_post_thumbnail":0,"footnotes":""},"class_list":["post-373","page","type-page","status-publish","hentry"],"_links":{"self":[{"href":"https:\/\/osiiims.splet.arnes.si\/index.php?rest_route=\/wp\/v2\/pages\/373","targetHints":{"allow":["GET"]}}],"collection":[{"href":"https:\/\/osiiims.splet.arnes.si\/index.php?rest_route=\/wp\/v2\/pages"}],"about":[{"href":"https:\/\/osiiims.splet.arnes.si\/index.php?rest_route=\/wp\/v2\/types\/page"}],"author":[{"embeddable":true,"href":"https:\/\/osiiims.splet.arnes.si\/index.php?rest_route=\/wp\/v2\/users\/6834"}],"replies":[{"embeddable":true,"href":"https:\/\/osiiims.splet.arnes.si\/index.php?rest_route=%2Fwp%2Fv2%2Fcomments&post=373"}],"version-history":[{"count":37,"href":"https:\/\/osiiims.splet.arnes.si\/index.php?rest_route=\/wp\/v2\/pages\/373\/revisions"}],"predecessor-version":[{"id":12513,"href":"https:\/\/osiiims.splet.arnes.si\/index.php?rest_route=\/wp\/v2\/pages\/373\/revisions\/12513"}],"wp:attachment":[{"href":"https:\/\/osiiims.splet.arnes.si\/index.php?rest_route=%2Fwp%2Fv2%2Fmedia&parent=373"}],"curies":[{"name":"wp","href":"https:\/\/api.w.org\/{rel}","templated":true}]}}