{"id":375,"date":"2015-11-02T18:41:01","date_gmt":"2015-11-02T17:41:01","guid":{"rendered":"http:\/\/osiiims.splet.arnes.si\/?page_id=375"},"modified":"2018-11-12T11:35:27","modified_gmt":"2018-11-12T10:35:27","slug":"angleska-bralna-znacka","status":"publish","type":"page","link":"https:\/\/osiiims.splet.arnes.si\/?page_id=375","title":{"rendered":"Angle\u0161ka bralna zna\u010dka"},"content":{"rendered":"<div>\n<p style=\"text-align: center\"><b>Epi Reading Badge<\/b><\/p>\n<\/div>\n<div><a href=\"http:\/\/osiiims.splet.arnes.si\/files\/2015\/11\/abz.gif\"><img loading=\"lazy\" decoding=\"async\" class=\"aligncenter size-full wp-image-376\" src=\"http:\/\/osiiims.splet.arnes.si\/files\/2015\/11\/abz.gif\" alt=\"abz\" width=\"160\" height=\"160\" \/><\/a><\/div>\n<div>\n<p style=\"text-align: left\">Tudi letos bomo na \u0161oli organizirali tekmovanje za angle\u0161ko bralno zna\u010dko Epi Reading Badge. Do pisnega dela tekmovanja morate prebrati predpisane knjige za posamezni razred, ki jih najdete na spodnjem seznamu<br \/>\nPredlagamo, da si, ko boste knjigo prebrali, zapi\u0161ete nekaj osnovnih podatkov. Zapi\u0161ite si imena knji\u017eevnih oseb, kratko vsebino v obliki miselnega vzorca, nove besede\u2026<\/p>\n<p style=\"text-align: left\">Tekmovalcem \u017eelimo veliko u\u017eitkov ob prebiranju knjig in uspe\u0161no tekmovanje.<\/p>\n<\/div>\n<div><img loading=\"lazy\" decoding=\"async\" class=\"aligncenter size-full wp-image-4869\" src=\"http:\/\/osiiims.splet.arnes.si\/files\/2018\/11\/Angle\u0161ka-bralna-zna\u010dka_1.jpg\" alt=\"\" width=\"477\" height=\"1024\" srcset=\"https:\/\/osiiims.splet.arnes.si\/files\/2018\/11\/Angle\u0161ka-bralna-zna\u010dka_1.jpg 477w, https:\/\/osiiims.splet.arnes.si\/files\/2018\/11\/Angle\u0161ka-bralna-zna\u010dka_1-140x300.jpg 140w, https:\/\/osiiims.splet.arnes.si\/files\/2018\/11\/Angle\u0161ka-bralna-zna\u010dka_1-26x55.jpg 26w\" sizes=\"auto, (max-width: 477px) 100vw, 477px\" \/><\/div>\n","protected":false},"excerpt":{"rendered":"<p>Epi Reading Badge Tudi letos bomo na \u0161oli organizirali tekmovanje za angle\u0161ko bralno zna\u010dko Epi Reading Badge. Do pisnega dela tekmovanja morate prebrati predpisane knjige za posamezni razred, ki jih [&hellip;]<\/p>\n","protected":false},"author":6834,"featured_media":0,"parent":0,"menu_order":0,"comment_status":"closed","ping_status":"closed","template":"","meta":{"ngg_post_thumbnail":0,"footnotes":""},"class_list":["post-375","page","type-page","status-publish","hentry"],"_links":{"self":[{"href":"https:\/\/osiiims.splet.arnes.si\/index.php?rest_route=\/wp\/v2\/pages\/375","targetHints":{"allow":["GET"]}}],"collection":[{"href":"https:\/\/osiiims.splet.arnes.si\/index.php?rest_route=\/wp\/v2\/pages"}],"about":[{"href":"https:\/\/osiiims.splet.arnes.si\/index.php?rest_route=\/wp\/v2\/types\/page"}],"author":[{"embeddable":true,"href":"https:\/\/osiiims.splet.arnes.si\/index.php?rest_route=\/wp\/v2\/users\/6834"}],"replies":[{"embeddable":true,"href":"https:\/\/osiiims.splet.arnes.si\/index.php?rest_route=%2Fwp%2Fv2%2Fcomments&post=375"}],"version-history":[{"count":6,"href":"https:\/\/osiiims.splet.arnes.si\/index.php?rest_route=\/wp\/v2\/pages\/375\/revisions"}],"predecessor-version":[{"id":4871,"href":"https:\/\/osiiims.splet.arnes.si\/index.php?rest_route=\/wp\/v2\/pages\/375\/revisions\/4871"}],"wp:attachment":[{"href":"https:\/\/osiiims.splet.arnes.si\/index.php?rest_route=%2Fwp%2Fv2%2Fmedia&parent=375"}],"curies":[{"name":"wp","href":"https:\/\/api.w.org\/{rel}","templated":true}]}}