{"id":378,"date":"2015-11-02T18:41:59","date_gmt":"2015-11-02T17:41:59","guid":{"rendered":"http:\/\/osiiims.splet.arnes.si\/?page_id=378"},"modified":"2022-09-12T12:04:44","modified_gmt":"2022-09-12T10:04:44","slug":"cankarjevo-tekmovanje","status":"publish","type":"page","link":"https:\/\/osiiims.splet.arnes.si\/?page_id=378","title":{"rendered":"Cankarjevo tekmovanje"},"content":{"rendered":"<p style=\"text-align: center\"><span style=\"color: #ff0000\"><strong><u>Cankarjevo tekmovanje 2022\/2023<\/u><\/strong><\/span><\/p>\n<p style=\"text-align: center\"><span style=\"color: #ff0000\"><strong>OSNOVNA \u0160OLA<\/strong><\/span><\/p>\n<p>&nbsp;<\/p>\n<p>Tekmovanje poteka v skladu s <a href=\"https:\/\/www.zrss.si\/wp-content\/uploads\/2021\/08\/2021-08-12-Pravilnik-tekmovanje-slovenscina-2021.pdf\">Pravilnikom o tekmovanju u\u010dencev in dijakov s podro\u010dja sloven\u0161\u010dine za Cankarjevo priznanje<\/a> ter z navodili za izvedbo.<\/p>\n<p><em>Izbor besedil<\/em> za <u>tekmovanje s podro\u010dja sloven\u0161\u010dine za&nbsp;Cankarjevo&nbsp;priznanje 2022\/23. <\/u><\/p>\n<p>Dragi u\u010denci, ljubitelji branja, vabimo vas k branju in se \u017ee veselimo raziskovanja pesni\u0161kega sveta z vami.<strong>&nbsp;<\/strong><\/p>\n<ul>\n<li><strong><u>1. razred:<\/u><\/strong> Lila Prap: <strong><em>\u017divalske uspavanke&nbsp;&nbsp; <\/em><\/strong><\/li>\n<li><strong><u>2. in 3. razred:<\/u><\/strong> Anja \u0160tefan: <strong><em>Drobtine iz mi\u0161je doline<\/em><\/strong><\/li>\n<li><strong><u>4. in 5. razred: <\/u><\/strong>Vinko M\u00f6derndorfer: <strong><em>Babica za lahko no\u010d<\/em><\/strong><\/li>\n<li><strong><u>6. in 7. razred: <\/u><\/strong>Feri Lain\u0161\u010dek: <strong><em>Ne<\/em><\/strong><\/li>\n<li><strong><u>8. in 9. razred: <\/u><\/strong>Vinko M\u00f6derndorfer: <strong><em>Romeo in Julija iz sosednje ulice<\/em><\/strong><\/li>\n<\/ul>\n","protected":false},"excerpt":{"rendered":"<p>Cankarjevo tekmovanje 2022\/2023 OSNOVNA \u0160OLA &nbsp; Tekmovanje poteka v skladu s Pravilnikom o tekmovanju u\u010dencev in dijakov s podro\u010dja sloven\u0161\u010dine za Cankarjevo priznanje ter z navodili za izvedbo. Izbor besedil [&hellip;]<\/p>\n","protected":false},"author":6834,"featured_media":0,"parent":0,"menu_order":0,"comment_status":"closed","ping_status":"closed","template":"","meta":{"ngg_post_thumbnail":0,"footnotes":""},"class_list":["post-378","page","type-page","status-publish","hentry"],"_links":{"self":[{"href":"https:\/\/osiiims.splet.arnes.si\/index.php?rest_route=\/wp\/v2\/pages\/378","targetHints":{"allow":["GET"]}}],"collection":[{"href":"https:\/\/osiiims.splet.arnes.si\/index.php?rest_route=\/wp\/v2\/pages"}],"about":[{"href":"https:\/\/osiiims.splet.arnes.si\/index.php?rest_route=\/wp\/v2\/types\/page"}],"author":[{"embeddable":true,"href":"https:\/\/osiiims.splet.arnes.si\/index.php?rest_route=\/wp\/v2\/users\/6834"}],"replies":[{"embeddable":true,"href":"https:\/\/osiiims.splet.arnes.si\/index.php?rest_route=%2Fwp%2Fv2%2Fcomments&post=378"}],"version-history":[{"count":15,"href":"https:\/\/osiiims.splet.arnes.si\/index.php?rest_route=\/wp\/v2\/pages\/378\/revisions"}],"predecessor-version":[{"id":12512,"href":"https:\/\/osiiims.splet.arnes.si\/index.php?rest_route=\/wp\/v2\/pages\/378\/revisions\/12512"}],"wp:attachment":[{"href":"https:\/\/osiiims.splet.arnes.si\/index.php?rest_route=%2Fwp%2Fv2%2Fmedia&parent=378"}],"curies":[{"name":"wp","href":"https:\/\/api.w.org\/{rel}","templated":true}]}}