{"id":380,"date":"2015-11-02T18:42:54","date_gmt":"2015-11-02T17:42:54","guid":{"rendered":"http:\/\/osiiims.splet.arnes.si\/?page_id=380"},"modified":"2016-11-01T19:35:12","modified_gmt":"2016-11-01T18:35:12","slug":"bralna-znacka","status":"publish","type":"page","link":"https:\/\/osiiims.splet.arnes.si\/?page_id=380","title":{"rendered":"Bralna zna\u010dka"},"content":{"rendered":"<p>Vabljeni k ogledu videa Talking Tom in Bralna zna\u010dka, ki ga je za spodbujanje branja naredilo podjetje Outfit 7 Limited (dol\u017eina\u00a0 1,39 min). Do videa lahko dostopate preko te <a href=\"https:\/\/www.youtube.com\/watch?v=XOi_i-HKyXA\">povezave<\/a>.<\/p>\n<p><strong><a href=\"http:\/\/osiiims.splet.arnes.si\/files\/2016\/09\/PRIPORO\u010cILNI_SEZNAM_KNJIG_ZA_BRALNO_ZNA\u010cKO_2.razred.pdf\">Priporo\u010dilni seznam knjig za bralno zna\u010dko &#8211; 2.razred<\/a><\/strong><\/p>\n<p><strong><a href=\"http:\/\/osiiims.splet.arnes.si\/files\/2016\/09\/PRIPORO\u010cILNI_SEZNAM_KNJIG_ZA_BRALNO_ZNA\u010cKO_3.razred.pdf\">Priporo\u010dilni seznam knjig za bralno zna\u010dko &#8211; 3.razred<\/a><\/strong><\/p>\n<p><strong><a href=\"http:\/\/osiiims.splet.arnes.si\/files\/2016\/09\/PRIPORO\u010cILNI_SEZNAM_KNJIG_ZA_BRALNO_ZNA\u010cKO_4.razred.pdf\">Priporo\u010dilni seznam knjig za bralno zna\u010dko &#8211; 4.razred<\/a><\/strong><\/p>\n<p><strong><a href=\"http:\/\/osiiims.splet.arnes.si\/files\/2016\/10\/PRIPORO\u010cILNI_SEZNAM_KNJIG_ZA_BRALNO_ZNA\u010cKO_5.razred.pdf\">Priporo\u010dilni seznam knjig za bralno zna\u010dko &#8211; 5.razred<\/a><\/strong><\/p>\n<p><strong><a href=\"http:\/\/osiiims.splet.arnes.si\/files\/2016\/10\/PRIPORO\u010cILNI_SEZNAM_KNJIG_ZA_BRALNO_ZNA\u010cKO_6.razred.pdf\">Priporo\u010dilni seznam knjig za bralno zna\u010dko &#8211; 6.razred<\/a><\/strong><\/p>\n<p><strong>Nikoli ni prezgodaj!<\/strong><br \/>\n\u017de pred rojstvom na<br \/>\notroka ugodno vplivajo<br \/>\npetje, pogovor in branje.<\/p>\n<p><strong>Nikoli ni prepozno!<\/strong><br \/>\nZ vsakim novim<br \/>\nbesedilom se vedno<br \/>\nznova u\u010dimo branja.<\/p>\n<p><strong>Vsak \u010das je ravno pravi<\/strong><br \/>\nza branje, pogovor<br \/>\nin prijetno dru\u017eenje<br \/>\nob branju.<\/p>\n<p><strong>Bralna zna\u010dka, vseslovensko gibanje, ki spodbuja mlade k branju in dviga njihovo bralno kulturo, se je pred pol stoletja rodila na Koro\u0161kem, na Prevaljah, kjer sta jo osnovala pisatelj Leopold Suhodol\u010dan in profesor Stanko Kotnik. Prve \u2013 Pre\u017eihove zna\u010dke- so bile podeljene maja 1961 na Koro\u0161kem.<\/strong><br \/>\nGibanje za spodbujanje branja med mladimi se je hitro raz\u0161irilo po Sloveniji. Bralna zna\u010dka spodbuja prostovoljno branje v prostem \u010dasu. Vanjo je vklju\u010denih ve\u010d kot polovica osnovno\u0161olcev. Ves \u010das se razvija kot dopolnilo k pouku slovenskega jezika in knji\u017eevnosti ter dejavnostim (\u0161olske) knji\u017enice, hkrati pa je bralna zna\u010dka kot ob\u0161olska\/interesna dejavnost lahko svobodnej\u0161a, bli\u017eja otrokom in mladim in tako uspe\u0161nej\u0161a pri oblikovanju bralcev za vse \u017eivljenje. Vodijo jo mentorji po slovenskih \u0161olah, od 90. leta dalje pa tudi v vrtcih in knji\u017enicah. Za bralno zna\u010dko berejo tudi slovenski otroci v zamejstvu in na nekaterih obmo\u010djih v slovenskem izseljenskem prostoru S tovrstno dejavnostjo se dviga tudi bralna pismenost posameznikov in dru\u017ebe v celoti.<br \/>\nPriporo\u010dilni seznami knjig z anotiranimi izbori mladinskih knjig, ki jih pripravlja Pionirska &#8211; center za mladinsko knji\u017eevnost in knji\u017eni\u010darstvo-so dostopni tudi na internetu <a href=\"http:\/\/www.bralnaznacka.si\">www.bralnaznacka.si<\/a> (PRIPORO\u010cENE KNJIGE)<\/p>\n<p><strong>Dragi mladi bralci, z veseljem vas pri\u010dakujem v knji\u017enici!<\/strong><\/p>\n<p style=\"text-align: right\">Knji\u017eni\u010darka Zlatka Horvat<\/p>\n","protected":false},"excerpt":{"rendered":"<p>Vabljeni k ogledu videa Talking Tom in Bralna zna\u010dka, ki ga je za spodbujanje branja naredilo podjetje Outfit 7 Limited (dol\u017eina\u00a0 1,39 min). Do videa lahko dostopate preko te povezave. [&hellip;]<\/p>\n","protected":false},"author":6834,"featured_media":0,"parent":0,"menu_order":0,"comment_status":"closed","ping_status":"closed","template":"","meta":{"ngg_post_thumbnail":0,"footnotes":""},"class_list":["post-380","page","type-page","status-publish","hentry"],"_links":{"self":[{"href":"https:\/\/osiiims.splet.arnes.si\/index.php?rest_route=\/wp\/v2\/pages\/380","targetHints":{"allow":["GET"]}}],"collection":[{"href":"https:\/\/osiiims.splet.arnes.si\/index.php?rest_route=\/wp\/v2\/pages"}],"about":[{"href":"https:\/\/osiiims.splet.arnes.si\/index.php?rest_route=\/wp\/v2\/types\/page"}],"author":[{"embeddable":true,"href":"https:\/\/osiiims.splet.arnes.si\/index.php?rest_route=\/wp\/v2\/users\/6834"}],"replies":[{"embeddable":true,"href":"https:\/\/osiiims.splet.arnes.si\/index.php?rest_route=%2Fwp%2Fv2%2Fcomments&post=380"}],"version-history":[{"count":19,"href":"https:\/\/osiiims.splet.arnes.si\/index.php?rest_route=\/wp\/v2\/pages\/380\/revisions"}],"predecessor-version":[{"id":1531,"href":"https:\/\/osiiims.splet.arnes.si\/index.php?rest_route=\/wp\/v2\/pages\/380\/revisions\/1531"}],"wp:attachment":[{"href":"https:\/\/osiiims.splet.arnes.si\/index.php?rest_route=%2Fwp%2Fv2%2Fmedia&parent=380"}],"curies":[{"name":"wp","href":"https:\/\/api.w.org\/{rel}","templated":true}]}}