{"id":382,"date":"2015-11-02T18:43:27","date_gmt":"2015-11-02T17:43:27","guid":{"rendered":"http:\/\/osiiims.splet.arnes.si\/?page_id=382"},"modified":"2023-10-09T12:14:30","modified_gmt":"2023-10-09T10:14:30","slug":"domace-branje","status":"publish","type":"page","link":"https:\/\/osiiims.splet.arnes.si\/?page_id=382","title":{"rendered":"Doma\u010de branje"},"content":{"rendered":"<div style=\"text-align: center\"><span style=\"color: #000000\"><b>DOMA\u010cE BRANJE 2023\/24<\/b><\/span><\/div>\n<div><img loading=\"lazy\" decoding=\"async\" class=\"aligncenter size-full wp-image-4619\" src=\"http:\/\/osiiims.splet.arnes.si\/files\/2018\/09\/knjige.jpg\" alt=\"\" width=\"288\" height=\"192\" srcset=\"https:\/\/osiiims.splet.arnes.si\/files\/2018\/09\/knjige.jpg 288w, https:\/\/osiiims.splet.arnes.si\/files\/2018\/09\/knjige-83x55.jpg 83w\" sizes=\"auto, (max-width: 288px) 100vw, 288px\" \/><span style=\"color: #ff0000\"><strong>3. razred<\/strong><\/span><\/div>\n<p>Andersen,H.C<em>:<\/em><strong><em> Grdi ra\u010dek C<\/em><\/strong><\/p>\n<p>Andersen,H.C<em>:<\/em><strong><em> Kralji\u010dna na zrnu graha C<\/em><\/strong><\/p>\n<p><span style=\"color: #ff0000\"><strong>4. razred<\/strong><\/span><\/p>\n<p>Andersen, H. C.: <strong><em>Svinjski pastir&nbsp; C<\/em><\/strong><\/p>\n<p>Pe\u010djak, Vid: <strong><em>Drej\u010dek in trije marsov\u010dki&nbsp;&nbsp; C<\/em><\/strong><\/p>\n<p>Bevk, France: <strong><em>Lukec in njegov \u0161korec&nbsp;&nbsp; P<\/em><\/strong><\/p>\n<p><span style=\"color: #ff0000\"><strong>5. razred<\/strong><\/span><strong><br \/>\n<\/strong><\/p>\n<p>Novak, Bogdan: <strong><em>Grajski strah&nbsp;&nbsp;&nbsp; P<\/em><\/strong><\/p>\n<p>Kova\u010d, Polonca: <strong><em>Te\u017eave in sporo\u010dila psi\u010dka Pafija&nbsp;&nbsp;&nbsp; C<\/em><\/strong><\/p>\n<p>Suhodol\u010dan, Primo\u017e: <strong><em>Ko\u0161arkar naj bo<\/em><\/strong><em> ali <strong>Kolesar naj bo&nbsp;&nbsp; P<\/strong><\/em><\/p>\n<p><a href=\"https:\/\/osiiims.splet.arnes.si\/files\/2023\/10\/Seznam_domace_branje_6.razred.pdf\"><strong><span style=\"color: #000080\">6<\/span><\/strong><span style=\"color: #0000ff\"><strong><span style=\"color: #000080\">.razred<\/span><\/strong><\/span><\/a><\/p>\n<p><a href=\"https:\/\/osiiims.splet.arnes.si\/files\/2023\/10\/Seznam_domace_branje_7.razred.pdf\"><strong>7.razred<\/strong><\/a><\/p>\n<p><a href=\"https:\/\/osiiims.splet.arnes.si\/files\/2023\/10\/Seznam_domace_branje_8.razred.pdf\"><strong>8.razred<\/strong><\/a><\/p>\n<p><a href=\"https:\/\/osiiims.splet.arnes.si\/files\/2023\/10\/Seznam_domace_branje_9.razred.pdf\"><strong>9.razred<\/strong><\/a><\/p>\n","protected":false},"excerpt":{"rendered":"<p>DOMA\u010cE BRANJE 2023\/24 3. razred Andersen,H.C: Grdi ra\u010dek C Andersen,H.C: Kralji\u010dna na zrnu graha C 4. razred Andersen, H. C.: Svinjski pastir&nbsp; C Pe\u010djak, Vid: Drej\u010dek in trije marsov\u010dki&nbsp;&nbsp; C [&hellip;]<\/p>\n","protected":false},"author":6834,"featured_media":0,"parent":0,"menu_order":0,"comment_status":"closed","ping_status":"closed","template":"","meta":{"ngg_post_thumbnail":0,"footnotes":""},"class_list":["post-382","page","type-page","status-publish","hentry"],"_links":{"self":[{"href":"https:\/\/osiiims.splet.arnes.si\/index.php?rest_route=\/wp\/v2\/pages\/382","targetHints":{"allow":["GET"]}}],"collection":[{"href":"https:\/\/osiiims.splet.arnes.si\/index.php?rest_route=\/wp\/v2\/pages"}],"about":[{"href":"https:\/\/osiiims.splet.arnes.si\/index.php?rest_route=\/wp\/v2\/types\/page"}],"author":[{"embeddable":true,"href":"https:\/\/osiiims.splet.arnes.si\/index.php?rest_route=\/wp\/v2\/users\/6834"}],"replies":[{"embeddable":true,"href":"https:\/\/osiiims.splet.arnes.si\/index.php?rest_route=%2Fwp%2Fv2%2Fcomments&post=382"}],"version-history":[{"count":32,"href":"https:\/\/osiiims.splet.arnes.si\/index.php?rest_route=\/wp\/v2\/pages\/382\/revisions"}],"predecessor-version":[{"id":16115,"href":"https:\/\/osiiims.splet.arnes.si\/index.php?rest_route=\/wp\/v2\/pages\/382\/revisions\/16115"}],"wp:attachment":[{"href":"https:\/\/osiiims.splet.arnes.si\/index.php?rest_route=%2Fwp%2Fv2%2Fmedia&parent=382"}],"curies":[{"name":"wp","href":"https:\/\/api.w.org\/{rel}","templated":true}]}}