{"id":384,"date":"2015-11-02T18:44:19","date_gmt":"2015-11-02T17:44:19","guid":{"rendered":"http:\/\/osiiims.splet.arnes.si\/?page_id=384"},"modified":"2015-11-02T23:15:14","modified_gmt":"2015-11-02T22:15:14","slug":"izdelava-seminarske-naloge","status":"publish","type":"page","link":"https:\/\/osiiims.splet.arnes.si\/?page_id=384","title":{"rendered":"Izdelava seminarske naloge"},"content":{"rendered":"<div style=\"text-align: center\"><strong><br \/>\nNAVODILA ZA IZDELAVO SEMINARSKE NALOGE<br \/>\n<\/strong><\/p>\n<hr \/>\n<p>(Znak \u0161ole)<br \/>\nNaziv in kraj \u0161ole<\/p>\n<p>Ime Priimek<\/p>\n<p>NASLOV<\/p>\n<p>Podnaslov<\/p>\n<p>VRSTA NALOGE\n<\/p><\/div>\n<div style=\"text-align: center\">\n<div>\n<div style=\"text-align: left\">RAZRED:<\/div>\n<div style=\"text-align: left\">MENTOR:<\/div>\n<div style=\"text-align: left\">PREDMET:<\/div>\n<p>Kraj in datum<\/p>\n<hr \/>\n<p><strong><br \/>\nKatera poglavja mora imeti seminarska naloga? <\/strong><\/div>\n<\/div>\n<div>\n<div><\/div>\n<div><\/div>\n<div><\/div>\n<div><\/div>\n<div><\/div>\n<table border=\"1\">\n<tbody>\n<tr>\n<td>\n<div><strong>AVTOR<\/strong> naloge si ti. Podpisal se bo\u0161 s polnim imenom in priimkom. \u010ce bo\u0161 seminarsko nalogo delal s so\u0161olcem, se morata podpisati oba.<\/div>\n<\/td>\n<td>\n<div><strong>NASLOV<\/strong> mora natan\u010dno ozna\u010diti vsebino naloge. Naj bo kratek in jedrnat, doda\u0161 mu lahko \u0161e podnaslov.<\/div>\n<\/td>\n<\/tr>\n<\/tbody>\n<\/table>\n<div><\/div>\n<div><\/div>\n<div><\/div>\n<table border=\"1\">\n<tbody>\n<tr>\n<td>\n<div><\/div>\n<div><strong>KAZALO VSEBINE<\/strong> je vedno na za\u010detku naloge, takoj za naslovno stranjo. V njem bo\u0161 navajal naslove in podnaslove posameznih poglavij z ozna\u010denimi stranmi.<\/div>\n<div>Za <strong>O\u0160TEVIL\u010cENJE POGLAVIJ<\/strong> uporabljamo arabska \u0161tevila. Poglavja ozna\u010dujemo s \u0161tevili od 1 dalje. Za \u0161tevilom ne pi\u0161emo pike. Podpoglavja lo\u010dimo s piko (npr. 1.1).<\/div>\n<div>Iz velikosti \u010drk je razvidna hierarhija poglavja:<\/div>\n<div><\/div>\n<div><strong>POGLAVJA 1, 2, 3 VELIKE \u010cRKE, KREPKO<\/strong><\/div>\n<div>POGLAVJA 1.1, 1.2, 1.3 VELIKE \u010cRKE<\/div>\n<div><strong>poglavja 1.1.1, 1.1.2 male \u010drke, krepko<br \/>\n<\/strong> poglavja 1.1.1.1, 1.1.1.2 male \u010drke<\/div>\n<div><\/div>\n<div><\/div>\n<div><\/div>\n<div><\/div>\n<\/td>\n<\/tr>\n<tr>\n<td>\n<div><\/div>\n<div>\n<p><strong> KAZALO<\/p>\n<p><\/strong><strong>1<\/strong> _____________________________________ 3<br \/>\n<strong>2<\/strong> _____________________________________ 4<br \/>\n2.1 ____________________________________ 4<br \/>\n2.2 ____________________________________ 5<br \/>\n<strong>3 <\/strong> _____________________________________ 6<br \/>\n3.1 ____________________________________ 6<br \/>\n3.1.1 __________________________________ 7<br \/>\n3.1.2 __________________________________ 7<br \/>\n3.1.3 __________________________________ 7<br \/>\n3.2 ___________________________________ 7<br \/>\n3.3 ___________________________________ 8<br \/>\n<strong>4<\/strong> _____________________________________ 8<br \/>\n<strong>5 <\/strong> _____________________________________ 9<br \/>\n<strong>VIRI IN LITERATURA<\/strong> 10<\/p>\n<\/div>\n<div><\/div>\n<div><\/div>\n<\/td>\n<\/tr>\n<\/tbody>\n<\/table>\n<div><\/div>\n<div><\/div>\n<div><\/div>\n<div><\/div>\n<div><\/div>\n<div><\/div>\n<div><\/div>\n<table border=\"1\">\n<tbody>\n<tr>\n<td>\n<div><\/div>\n<div><strong>OBLIKOVANJE NALOGE<\/strong><\/div>\n<div>Naloga je napisana z ra\u010dunalnikom, na belem papirju formata A4 z robovi:<\/div>\n<div>zgornji 25 mm<\/div>\n<div>spodnji 25 mm<\/div>\n<div>levi 30 mm<\/div>\n<div>desni 25 mm<\/div>\n<div>Razmiki med vrsticami so ena in pol, velikost \u010drk je 12. \u0160tevil\u010denje strani poteka z arabskimi \u0161tevilkami blizu zunanjega roba na vrhu strani (desni zgornji rob).<\/div>\n<div><\/div>\n<\/td>\n<td>\n<div><\/div>\n<div><strong>PREGLEDNICE, GRAFIKONI, SLIKE<\/strong><\/div>\n<div><\/div>\n<ul>\n<li>\n<div>imeti morajo zaporedno \u0161tevilko in naslov,<\/div>\n<\/li>\n<li>\n<div>naslov preglednice mora biti nad preglednico,<\/div>\n<\/li>\n<li>\n<div>naslov grafikona ali slike pod njima.<\/div>\n<\/li>\n<\/ul>\n<\/td>\n<\/tr>\n<\/tbody>\n<\/table>\n<div><\/div>\n<div><\/div>\n<div>\nZa naslovno stranjo in razli\u010dnimi vrstami kazal za\u010dnemo pisati besedilo(tekst). Nad tekstom lahko oblikujemo <strong>SPROTNI NASLOV<\/strong>, ki ga od besedila lo\u010dimo s \u010drto.\n<\/div>\n<div><\/div>\n<table border=\"1\">\n<tbody>\n<tr>\n<td>\n<div><\/div>\n<div><strong>UVOD<\/strong><\/div>\n<div>Seminarska naloga mora nujno imeti uvod.<\/div>\n<div>V njem lahko predstavi\u0161 temo, ki si jo izbral, in opi\u0161e\u0161, kako je naloga sestavljena. Napisan naj bo tako, da bo vzbudil bral\u010devo zanimanje in ga pripravil, da bo tvojo nalogo razumel, \u010deprav ne pozna podro\u010dja, o katerem si pisal. Uvod je praviloma kratek, zadostuje \u017ee polovica strani. Lahko tudi opi\u0161e\u0161, kje in kako si iskal informacije za svojo nalogo.<\/div>\n<\/td>\n<td>\n<div><\/div>\n<div><strong>GLAVNI DEL<\/strong><\/div>\n<div>V njem bo\u0161 natan\u010dneje opisal temo, ki si jo izbral.<\/div>\n<div>Poglavja v glavnem delu si morajo slediti v logi\u010dnem zaporedju in morajo biti o\u0161tevil\u010dena. Vanje lahko vklju\u010di\u0161 slike, tabele, grafikone, ki pa jih mora\u0161 ustrezno opremiti.<\/div>\n<\/td>\n<\/tr>\n<\/tbody>\n<\/table>\n<div><\/div>\n<div><strong><br \/>\nPrimer za slike in preglednice:<\/p>\n<p><\/strong><\/div>\n<div><\/div>\n<div><\/div>\n<div><\/div>\n<div><a href=\"http:\/\/osiiims.splet.arnes.si\/files\/2015\/11\/karta.jpg\"><img loading=\"lazy\" decoding=\"async\" class=\" size-full wp-image-422 alignnone\" src=\"http:\/\/osiiims.splet.arnes.si\/files\/2015\/11\/karta.jpg\" alt=\"karta\" width=\"236\" height=\"143\" srcset=\"https:\/\/osiiims.splet.arnes.si\/files\/2015\/11\/karta.jpg 236w, https:\/\/osiiims.splet.arnes.si\/files\/2015\/11\/karta-91x55.jpg 91w\" sizes=\"auto, (max-width: 236px) 100vw, 236px\" \/><\/a><br \/>\nSlika 1, Zemljevid Slovenije (vir Infoplease, 2004)<\/div>\n<div><\/div>\n<div><\/div>\n<div><\/div>\n<div><\/div>\n<div><\/div>\n<div>\n<p>Preglednica 1, Osebna izkaznica Slovenije<\/p><\/div>\n<div>(vir World Fact Book, 2004)\n<\/div>\n<div><\/div>\n<table border=\"1\">\n<tbody>\n<tr>\n<td>\n<div>Povr\u0161ina<\/div>\n<\/td>\n<td>\n<div>20.273 km2<\/div>\n<\/td>\n<\/tr>\n<tr>\n<td>\n<div>Dol\u017eina meje<\/div>\n<\/td>\n<td>\n<div>1.334 km<\/div>\n<\/td>\n<\/tr>\n<tr>\n<td>\n<div>\u0160tevilo prebivalcev<\/div>\n<\/td>\n<td>\n<div>2.011.473<\/div>\n<\/td>\n<\/tr>\n<tr>\n<td>\n<div>Najvi\u0161ji vrh<\/div>\n<\/td>\n<td>\n<div>Triglav, 2864 m<\/div>\n<\/td>\n<\/tr>\n<\/tbody>\n<\/table>\n<div><\/div>\n<div><\/div>\n<table border=\"1\">\n<tbody>\n<tr>\n<td>\n<div><strong>ZAKLJU\u010cEK<\/strong><\/div>\n<div><\/div>\n<div>V njem povzame\u0161 bistvene ugotovitve o problemu, ki si ga opisoval in zapi\u0161e\u0161 predloge za nadaljnje delo.<\/div>\n<\/td>\n<td>\n<div><strong>UPORABLJENI VIRI<\/strong><\/div>\n<div><\/div>\n<div>Na koncu mora\u0161 napisati seznam virov, ki si jih pri delu uporabljal. Urejen mora biti po abecedi priimkov avtorjev. Naj bo napisan na posebni strani.<\/div>\n<div><\/div>\n<\/td>\n<\/tr>\n<\/tbody>\n<\/table>\n<div><\/div>\n<div><\/div>\n<div><\/div>\n<div><\/div>\n<div><\/div>\n<div><\/div>\n<div><strong><\/p>\n<p>VIRI IN LITERATURA<\/strong>\n<\/div>\n<div><\/div>\n<div><\/div>\n<div>1. <strong>Navajanje knjige enega avtorja<\/strong><\/div>\n<div>PRIIMEK, I. <em>Naslov dela<\/em>. Kraj izida: zalo\u017eba, letnica. (Zbirka).<\/div>\n<div><\/div>\n<div>2. <strong>Navajanje knjige \u2013 ve\u010d kot trije avtorji<\/strong><\/div>\n<div><em>Naslov dela<\/em>. Kraj izida: zalo\u017eba, letnica. (Zbirka).<\/div>\n<div><\/div>\n<div>3. <strong>Navajanje \u010dlankov v revijah<\/strong><\/div>\n<div>PRIIMEK, I. Naslov dela<em>. Naslov revije<\/em>, letnik, (leto), \u0161tevilka, str. od-do.<\/div>\n<div><\/div>\n<div>4. <strong>Navajanje elektronskih publikacij (zgo\u0161\u010denke, videoposnetki\u2026)<\/strong><\/div>\n<div>PRIIMEK, I. <em>Naslov<\/em>. [CD-ROM ali Videoposnetek]. Kraj izida: zalo\u017eba,<\/div>\n<div>letnica. (Zbirka).<\/div>\n<div><\/div>\n<div>5. <strong>Navajanje elektronskih publikacij (internet)<\/strong><\/div>\n<div>PRIIMEK, I. <em>Naslov dela<\/em>. [online]. [Citrano datum]. Dostopno na naslovu:<\/div>\n<div>http:\/\/&#8230;<\/div>\n<\/div>\n","protected":false},"excerpt":{"rendered":"<p>NAVODILA ZA IZDELAVO SEMINARSKE NALOGE (Znak \u0161ole) Naziv in kraj \u0161ole Ime Priimek NASLOV Podnaslov VRSTA NALOGE RAZRED: MENTOR: PREDMET: Kraj in datum Katera poglavja mora imeti seminarska naloga? AVTOR [&hellip;]<\/p>\n","protected":false},"author":6834,"featured_media":0,"parent":0,"menu_order":0,"comment_status":"closed","ping_status":"closed","template":"","meta":{"ngg_post_thumbnail":0,"footnotes":""},"class_list":["post-384","page","type-page","status-publish","hentry"],"_links":{"self":[{"href":"https:\/\/osiiims.splet.arnes.si\/index.php?rest_route=\/wp\/v2\/pages\/384","targetHints":{"allow":["GET"]}}],"collection":[{"href":"https:\/\/osiiims.splet.arnes.si\/index.php?rest_route=\/wp\/v2\/pages"}],"about":[{"href":"https:\/\/osiiims.splet.arnes.si\/index.php?rest_route=\/wp\/v2\/types\/page"}],"author":[{"embeddable":true,"href":"https:\/\/osiiims.splet.arnes.si\/index.php?rest_route=\/wp\/v2\/users\/6834"}],"replies":[{"embeddable":true,"href":"https:\/\/osiiims.splet.arnes.si\/index.php?rest_route=%2Fwp%2Fv2%2Fcomments&post=384"}],"version-history":[{"count":4,"href":"https:\/\/osiiims.splet.arnes.si\/index.php?rest_route=\/wp\/v2\/pages\/384\/revisions"}],"predecessor-version":[{"id":434,"href":"https:\/\/osiiims.splet.arnes.si\/index.php?rest_route=\/wp\/v2\/pages\/384\/revisions\/434"}],"wp:attachment":[{"href":"https:\/\/osiiims.splet.arnes.si\/index.php?rest_route=%2Fwp%2Fv2%2Fmedia&parent=384"}],"curies":[{"name":"wp","href":"https:\/\/api.w.org\/{rel}","templated":true}]}}