{"id":388,"date":"2015-11-02T18:46:09","date_gmt":"2015-11-02T17:46:09","guid":{"rendered":"http:\/\/osiiims.splet.arnes.si\/?page_id=388"},"modified":"2019-09-24T12:11:33","modified_gmt":"2019-09-24T10:11:33","slug":"nacionalni-projekt-rastem-s-knjigo","status":"publish","type":"page","link":"https:\/\/osiiims.splet.arnes.si\/?page_id=388","title":{"rendered":"Nacionalni projekt &#8220;Rastem s knjigo&#8221;"},"content":{"rendered":"<div style=\"text-align: center\">\u00a0<span style=\"color: #ffffff\">&#8211;<\/span><\/div>\n<div style=\"text-align: center\"><span style=\"color: #000000\"><b>Nacionalni projekt Rastem s knjigo 2018\/2019<\/b><\/span><\/div>\n<div><span style=\"color: #000000\"><a style=\"color: #000000\" href=\"http:\/\/osiiims.splet.arnes.si\/files\/2015\/11\/rastemSKNIGO.png\"><img loading=\"lazy\" decoding=\"async\" class=\"aligncenter size-full wp-image-389\" src=\"http:\/\/osiiims.splet.arnes.si\/files\/2015\/11\/rastemSKNIGO.png\" alt=\"rastemSKNIGO\" width=\"300\" height=\"107\" srcset=\"https:\/\/osiiims.splet.arnes.si\/files\/2015\/11\/rastemSKNIGO.png 300w, https:\/\/osiiims.splet.arnes.si\/files\/2015\/11\/rastemSKNIGO-154x55.png 154w\" sizes=\"auto, (max-width: 300px) 100vw, 300px\" \/><\/a><\/span><\/div>\n<p style=\"text-align: justify\">&#8220;Rastem s knjigo&#8221; je nacionalni projekt spodbujanja bralne kulture. Z njim sku\u0161amo osnovno\u0161olce in srednje\u0161olce motivirati za branje mladinskega leposlovja slovenskih avtorjev ter jih spodbuditi k obiskovanju splo\u0161nih knji\u017enic.<br \/>\nProjekt je Ministrstvo za kulturo za\u010delo izvajati v \u0161olskem letu 2006\/2007, najprej zgolj za osnovne \u0161ole. Javna agencija za knjigo Republike Slovenije ga je za\u010dela voditi ob ustanovitvi leta 2009. Izvajamo ga v sodelovanju s splo\u0161nimi knji\u017enicami, slovenskimi osnovnimi in srednjimi \u0161olami,\u00a0osnovnimi \u0161olami s prilagojenim programom, zavodi za vzgojo in izobra\u017eevanje otrok in mladostnikov s posebnimi potrebami ter\u00a0osnovnimi in srednjimi \u0161olami v zamejstvu (Avstrija, Mad\u017earska, Italija). Sodelujemo tudi z u\u010ditelji, ki pou\u010dujejo sloven\u0161\u010dino v t. i. sobotnih \u0161olah (Amerika, Avstralija), pri dopolnilnem pouku v tujini (Belgija, BiH, Srbija, Hrva\u0161ka, Francija idr.) in v Evropskih \u0161olah (Bruselj, Luksemburg, Frankfurt idr.).<\/p>\n<p><strong>Cilji nacionalnega projekta &#8220;Rastem s knjigo&#8221; so <\/strong><\/p>\n<ul>\n<li>spodbujati dostopnost kakovostnega in izvirnega slovenskega mladinskega leposlovja,<\/li>\n<li>promovirati vrhunske doma\u010de ustvarjalce mladinskega leposlovja,<\/li>\n<li>spodbujati bralno motivacijo \u0161olarjev in njihov obisk splo\u0161nih knji\u017enic,<\/li>\n<li>motivirati zalo\u017enike za ve\u010dje vklju\u010devanje sodobnih slovenskih piscev v zalo\u017eni\u0161ke programe za mladino ter pove\u010devanje dele\u017ea izdanega izvirnega slovenskega mladinskega leposlovja.<\/li>\n<\/ul>\n<p><strong>Kako poteka projekt<\/strong><\/p>\n<p style=\"text-align: justify\">Projekt &#8220;Rastem s knjigo&#8221; pripravljamo v sodelovanju z Ministrstvom za kulturo, Ministrstvom za izobra\u017eevanje, znanost in \u0161port, Pionirsko \u2013 centrom za mladinsko knji\u017eevnost in knji\u017eni\u010darstvo pri Mestni knji\u017enici Ljubljana (MKL), Zavodom RS za \u0161olstvo, Zdru\u017eenjem splo\u0161nih knji\u017enic, Sekcijo \u0161olskih knji\u017enic pri ZBDS, Dru\u0161tvom \u0161olskih knji\u017eni\u010darjev Slovenije in Dru\u0161tvom slovenskih pisateljev.<br \/>\nPrve priprave na projekt, ki je vezan na \u0161olsko leto, se pri\u010dnejo v spomladanskih mesecih z javnim razpisom, v okviru katerega na\u0161a pristojna strokovna komisija med prijavljenimi slovenskimi mladinskimi deli izbere dve \u2013 eno za sedmo\u0161olce in eno za dijake prvih letnikov.<br \/>\nVsako leto sta izbrani dve drugi deli. Delovna skupina, ki vklju\u010duje predstavnike sodelujo\u010dih institucij, pripravi natan\u010dne informacije o izvajanju projekta za \u0161ole in knji\u017eni\u010darje, v sodelovanju z zalo\u017enikom in avtorji pa tudi promocijsko gradivo in predstavitvena filma za obe deli.<br \/>\nUradni za\u010detek projekta je vsako leto 8. septembra ob mednarodnem dnevu pismenosti. Takrat so izbrane knjige dostavljene v vse splo\u0161ne knji\u017enice v Sloveniji.<br \/>\nVsi sedmo\u0161olci in dijaki prvih letnikov srednjih \u0161ol prejmejo vsak svoj izvod izbrane knjige ob posebej za to prilo\u017enost organiziranem obisku najbli\u017eje splo\u0161ne knji\u017enice, ki je vklju\u010den v letni delovni na\u010drt slovenskih osnovnih in srednjih \u0161ol. Obisk knji\u017enice poleg prejema knjige vklju\u010duje \u0161e spoznavanje knji\u017eni\u010dnega informacijskega znanja, seznanjanje z najnovej\u0161im mladinskim leposlovjem ter predstavitev avtorjev in knjige. Med \u0161olskim letom potekajo tudi sre\u010danja u\u010dencev in dijakov z avtorji izbranih knjig po \u0161tevilnih slovenskih \u0161olah, ponekod pa tudi v zamejstvu in drugod po svetu. Te nastope sofinancirata Dru\u0161tvo\u00a0 Bralna zna\u010dka Slovenije \u2013 ZPMS in Dru\u0161tvo slovenskih pisateljev. Hkrati se pri promociji branja \u017ee vrsto let povezujemo tudi s Ko\u0161arkarsko zvezo Slovenije.<\/p>\n<p class=\"bodytext\"><strong>Na knji\u017eno polico mladostnikov \u2013 osnovno\u0161olcev prihaja letos <\/strong><em><b>Elvis \u0160korc, genialni \u0161tor<\/b><\/em><strong> (Janja Vidmar). <\/strong><\/p>\n<p class=\"bodytext\" style=\"text-align: center\"><img loading=\"lazy\" decoding=\"async\" class=\"aligncenter  wp-image-5859\" src=\"http:\/\/osiiims.splet.arnes.si\/files\/2019\/09\/Genialni-\u0161tor_1.jpg\" alt=\"\" width=\"307\" height=\"435\" srcset=\"https:\/\/osiiims.splet.arnes.si\/files\/2019\/09\/Genialni-\u0161tor_1.jpg 564w, https:\/\/osiiims.splet.arnes.si\/files\/2019\/09\/Genialni-\u0161tor_1-212x300.jpg 212w, https:\/\/osiiims.splet.arnes.si\/files\/2019\/09\/Genialni-\u0161tor_1-39x55.jpg 39w\" sizes=\"auto, (max-width: 307px) 100vw, 307px\" \/><\/p>\n<p class=\"bodytext\" style=\"text-align: justify\">Strokovna komisija je v leto\u0161njem letu za osnovno\u0161olce izbrala knjigo pisateljice Janje Vidmar, <em>Elvis \u0160korc, genialni \u0161tor<\/em>. Knjiga je iz\u0161la pri zalo\u017ebi MI\u0160\u00a0 in je bila v okviru projekta Rastem s knjigo ponatisnjena v 22.600 izvodov.<\/p>\n","protected":false},"excerpt":{"rendered":"<p>\u00a0&#8211; Nacionalni projekt Rastem s knjigo 2018\/2019 &#8220;Rastem s knjigo&#8221; je nacionalni projekt spodbujanja bralne kulture. Z njim sku\u0161amo osnovno\u0161olce in srednje\u0161olce motivirati za branje mladinskega leposlovja slovenskih avtorjev ter [&hellip;]<\/p>\n","protected":false},"author":6834,"featured_media":0,"parent":0,"menu_order":0,"comment_status":"closed","ping_status":"closed","template":"","meta":{"ngg_post_thumbnail":0,"footnotes":""},"class_list":["post-388","page","type-page","status-publish","hentry"],"_links":{"self":[{"href":"https:\/\/osiiims.splet.arnes.si\/index.php?rest_route=\/wp\/v2\/pages\/388","targetHints":{"allow":["GET"]}}],"collection":[{"href":"https:\/\/osiiims.splet.arnes.si\/index.php?rest_route=\/wp\/v2\/pages"}],"about":[{"href":"https:\/\/osiiims.splet.arnes.si\/index.php?rest_route=\/wp\/v2\/types\/page"}],"author":[{"embeddable":true,"href":"https:\/\/osiiims.splet.arnes.si\/index.php?rest_route=\/wp\/v2\/users\/6834"}],"replies":[{"embeddable":true,"href":"https:\/\/osiiims.splet.arnes.si\/index.php?rest_route=%2Fwp%2Fv2%2Fcomments&post=388"}],"version-history":[{"count":16,"href":"https:\/\/osiiims.splet.arnes.si\/index.php?rest_route=\/wp\/v2\/pages\/388\/revisions"}],"predecessor-version":[{"id":5863,"href":"https:\/\/osiiims.splet.arnes.si\/index.php?rest_route=\/wp\/v2\/pages\/388\/revisions\/5863"}],"wp:attachment":[{"href":"https:\/\/osiiims.splet.arnes.si\/index.php?rest_route=%2Fwp%2Fv2%2Fmedia&parent=388"}],"curies":[{"name":"wp","href":"https:\/\/api.w.org\/{rel}","templated":true}]}}