{"id":5315,"date":"2019-03-25T09:39:43","date_gmt":"2019-03-25T08:39:43","guid":{"rendered":"http:\/\/osiiims.splet.arnes.si\/?page_id=5315"},"modified":"2022-11-22T19:17:00","modified_gmt":"2022-11-22T18:17:00","slug":"letni-delovni-nacrt","status":"publish","type":"page","link":"https:\/\/osiiims.splet.arnes.si\/?page_id=5315","title":{"rendered":"Letni delovni na\u010drt"},"content":{"rendered":"<p>Letni delovni na\u010drt \u0161ole 2022\/23<\/p>\n","protected":false},"excerpt":{"rendered":"<p>Letni delovni na\u010drt \u0161ole 2022\/23<\/p>\n","protected":false},"author":6834,"featured_media":0,"parent":0,"menu_order":0,"comment_status":"closed","ping_status":"closed","template":"","meta":{"ngg_post_thumbnail":0,"footnotes":""},"class_list":["post-5315","page","type-page","status-publish","hentry"],"_links":{"self":[{"href":"https:\/\/osiiims.splet.arnes.si\/index.php?rest_route=\/wp\/v2\/pages\/5315","targetHints":{"allow":["GET"]}}],"collection":[{"href":"https:\/\/osiiims.splet.arnes.si\/index.php?rest_route=\/wp\/v2\/pages"}],"about":[{"href":"https:\/\/osiiims.splet.arnes.si\/index.php?rest_route=\/wp\/v2\/types\/page"}],"author":[{"embeddable":true,"href":"https:\/\/osiiims.splet.arnes.si\/index.php?rest_route=\/wp\/v2\/users\/6834"}],"replies":[{"embeddable":true,"href":"https:\/\/osiiims.splet.arnes.si\/index.php?rest_route=%2Fwp%2Fv2%2Fcomments&post=5315"}],"version-history":[{"count":3,"href":"https:\/\/osiiims.splet.arnes.si\/index.php?rest_route=\/wp\/v2\/pages\/5315\/revisions"}],"predecessor-version":[{"id":13043,"href":"https:\/\/osiiims.splet.arnes.si\/index.php?rest_route=\/wp\/v2\/pages\/5315\/revisions\/13043"}],"wp:attachment":[{"href":"https:\/\/osiiims.splet.arnes.si\/index.php?rest_route=%2Fwp%2Fv2%2Fmedia&parent=5315"}],"curies":[{"name":"wp","href":"https:\/\/api.w.org\/{rel}","templated":true}]}}